{"id":704,"date":"2025-08-12T15:47:46","date_gmt":"2025-08-12T15:47:46","guid":{"rendered":"https:\/\/who-cared.com\/?page_id=704"},"modified":"2026-04-03T11:58:02","modified_gmt":"2026-04-03T11:58:02","slug":"studio","status":"publish","type":"page","link":"https:\/\/who-cared.com\/en\/studio\/","title":{"rendered":"Studio"},"content":{"rendered":"<section class=\"l-section wpb_row us_custom_1d3424a0 height_medium\"><div class=\"l-section-h i-cf\"><div class=\"g-cols vc_row via_grid cols_custom laptops-cols_inherit tablets-cols_inherit mobiles-cols_1 valign_middle type_default stacking_default\" style=\"--columns-gap:0rem;--custom-columns:1fr 4fr 1fr \"><div class=\"wpb_column vc_column_container\"><div class=\"vc_column-inner\"><\/div><\/div><div class=\"wpb_column vc_column_container\"><div class=\"vc_column-inner\"><div class=\"wpb_text_column\"><div class=\"wpb_wrapper\"><h2 style=\"text-align: center;\">Studio in K\u00f6ln<\/h2>\n<\/div><\/div><div class=\"w-separator size_medium\"><\/div><\/div><\/div><div class=\"wpb_column vc_column_container\"><div class=\"vc_column-inner\"><\/div><\/div><\/div><\/div><\/section><section class=\"l-section wpb_row height_auto\"><div class=\"l-section-h i-cf\"><div class=\"g-cols vc_row via_grid cols_2 laptops-cols_inherit tablets-cols_inherit mobiles-cols_1 valign_top type_default stacking_default\"><div class=\"wpb_column vc_column_container\"><div class=\"vc_column-inner\"><div class=\"w-image align_none\"><div class=\"w-image-h\"><img decoding=\"async\" width=\"1024\" height=\"576\" src=\"https:\/\/who-cared.com\/wp-content\/uploads\/2025\/08\/studio_koeln-1024x576.jpg\" class=\"attachment-large size-large\" alt=\"\" loading=\"lazy\" srcset=\"https:\/\/who-cared.com\/wp-content\/uploads\/2025\/08\/studio_koeln-1024x576.jpg 1024w, https:\/\/who-cared.com\/wp-content\/uploads\/2025\/08\/studio_koeln-300x169.jpg 300w, https:\/\/who-cared.com\/wp-content\/uploads\/2025\/08\/studio_koeln-18x10.jpg 18w, https:\/\/who-cared.com\/wp-content\/uploads\/2025\/08\/studio_koeln.jpg 1600w\" sizes=\"auto, (max-width: 1024px) 100vw, 1024px\" \/><\/div><\/div><\/div><\/div><div class=\"wpb_column vc_column_container\"><div class=\"vc_column-inner\"><div class=\"wpb_text_column\"><div class=\"wpb_wrapper\"><p>In unserem Studio in K\u00f6ln sorgen wir f\u00fcr alles, was eine gute Aufnahme technisch braucht. Bei Fragen sind wir direkt ansprechbar. Und Kaffee gibt es nat\u00fcrlich dazu \ud83d\ude42<\/p>\n<p>Wichtiger Hinweis: Das Studio ist leider nicht barrierefrei (3. Stock ohne Aufzug).<\/p>\n<p>Bucht euch einen Termin und kommt vorbei!<\/p>\n<\/div><\/div><div class=\"w-separator size_small\"><\/div><form class=\"w-form  us-field-style_2 layout_ver show_message_after_sending for_cform us_form_1\" action=\"https:\/\/who-cared.com\/en\/en\/wp-json\/wp\/v2\/pages\/704\" method=\"post\" data-trp-original-action=\"https:\/\/who-cared.com\/en\/en\/wp-json\/wp\/v2\/pages\/704\"><div class=\"w-form-h\"><div class=\"w-form-row for_radio has_label\">\r\n\t\t\t<div class=\"w-form-row-label\">\r\n\t\t\t<span>Terminwunsch<\/span>\r\n\t\t<\/div>\r\n\t\t<div class=\"w-form-row-field\">\r\n\t\t\t\t\t<label>\r\n\t\t\t\t<input type=\"radio\" name=\"us_form_1_radio_1\" value=\"Samstag, 9. Mai 2026, 10:00 Uhr\" checked='checked'\/>\r\n\t\t\t\t<span>Samstag, 9. Mai 2026, 10:00 Uhr<\/span>\r\n\t\t\t<\/label>\r\n\t\t\t\t\t\t<label>\r\n\t\t\t\t<input type=\"radio\" name=\"us_form_1_radio_1\" value=\"Samstag, 9. Mai 2026, 12:30 Uhr\"\/>\r\n\t\t\t\t<span>Samstag, 9. Mai 2026, 12:30 Uhr<\/span>\r\n\t\t\t<\/label>\r\n\t\t\t\t\t\t<label>\r\n\t\t\t\t<input type=\"radio\" name=\"us_form_1_radio_1\" value=\"Samstag, 9. Mai 2026, 15:00 Uhr\"\/>\r\n\t\t\t\t<span>Samstag, 9. Mai 2026, 15:00 Uhr<\/span>\r\n\t\t\t<\/label>\r\n\t\t\t\t<\/div>\r\n\t\t<div class=\"w-form-row-state\">Select an option<\/div>\r\n<\/div>\r\n<div class=\"w-form-row for_text has_label required\">\r\n\t\t\t<div class=\"w-form-row-label\">\r\n\t\t\t<span>Dein Name *<\/span>\r\n\t\t<\/div>\r\n\t\t<div class=\"w-form-row-field\">\r\n\t\t\t\t\t\t<input aria-label=\"Dein Name\" type=\"text\" name=\"us_form_1_text_1\" value placeholder data-required=\"true\" aria-required=\"true\"\/>\r\n\t\t\t<\/div>\r\n\t\t<div class=\"w-form-row-state\">Fill out this field<\/div>\r\n<\/div>\r\n<div class=\"w-form-row for_email has_label required\">\r\n\t\t\t<div class=\"w-form-row-label\">\r\n\t\t\t<span>Deine E-Mail *<\/span>\r\n\t\t<\/div>\r\n\t\t<div class=\"w-form-row-field\">\r\n\t\t\t\t\t\t<input aria-label=\"Deine E-Mail\" type=\"email\" name=\"us_form_1_email_1\" value placeholder data-required=\"true\" aria-required=\"true\"\/>\r\n\t\t\t<\/div>\r\n\t\t<div class=\"w-form-row-state\">Please enter a valid email address.<\/div>\r\n<\/div>\r\n<div class=\"w-form-row for_info\">\r\n\t<p>Informationen zum Datenschutz findest du   <a href=\"https:\/\/who-cared.com\/en\/privacy\/\" target=\"_blank\" rel=\"noopener\">hier<\/a>.<\/p>\r\n<\/div>\r\n<input type=\"hidden\" name=\"action\" value=\"us_ajax_cform\" \/>\r\n<input type=\"hidden\" name=\"post_id\" value=\"0\" \/>\r\n<input type=\"hidden\" name=\"form_index\" value=\"1\" \/>\r\n<div class=\"w-form-row for_submit align_none\">\r\n\t<button class=\"w-btn  us-btn-style_1\" aria-label=\"Submit\" type=\"submit\">\r\n\t\t<span class=\"g-preloader type_1\"><\/span>\r\n\t\t\t\t<span class=\"w-btn-label\">Submit<\/span>\r\n\t\t\t<\/button>\r\n\t<\/div>\r\n<\/div><div class=\"w-form-message\"><\/div><div class=\"w-form-json hidden\" onclick='return {&quot;ajaxurl&quot;:&quot;https:\\\/\\\/who-cared.com\\\/wp-admin\\\/admin-ajax.php&quot;,&quot;messages&quot;:{&quot;err_empty&quot;:&quot;Fill out this field&quot;,&quot;err_size&quot;:&quot;File size cannot exceed %s MB&quot;,&quot;err_extension&quot;:&quot;%s file type is not allowed&quot;,&quot;err_recaptcha_keys&quot;:&quot;reCAPTCHA keys are incorrect&quot;},&quot;hide_form_after_sending&quot;:true}'><\/div><input type=\"hidden\" name=\"trp-form-language\" value=\"en\"\/><\/form><\/div><\/div><\/div><\/div><\/section><section class=\"l-section wpb_row us_custom_1d3424a0 height_medium\"><div class=\"l-section-h i-cf\"><div class=\"g-cols vc_row via_grid cols_1 laptops-cols_inherit tablets-cols_inherit mobiles-cols_1 valign_middle type_default stacking_default\" style=\"--columns-gap:0rem;\"><div class=\"wpb_column vc_column_container\"><div class=\"vc_column-inner\"><div class=\"w-separator size_medium\"><\/div><div class=\"wpb_text_column\"><div class=\"wpb_wrapper\"><h3 style=\"text-align: center;\">N\u00e4chste Schritte<\/h3>\n<\/div><\/div><\/div><\/div><\/div><\/div><\/section><section class=\"l-section wpb_row height_auto\"><div class=\"l-section-h i-cf\"><div class=\"g-cols vc_row via_grid cols_5 laptops-cols_inherit tablets-cols_inherit mobiles-cols_1 valign_top type_default stacking_default\" style=\"--columns-gap:2rem;\"><div class=\"wpb_column vc_column_container\"><div class=\"vc_column-inner\"><div class=\"w-iconbox iconpos_top style_default color_primary align_center\"><div class=\"w-iconbox-icon\" style=\"font-size:3rem;\"><i class=\"fas fa-calendar-alt\"><\/i><\/div><div class=\"w-iconbox-meta\"><h6 class=\"w-iconbox-title\">Termin finden<\/h6><div class=\"w-iconbox-text\"><p>Schickt uns eure Buchungsanfrage und erhaltet eine R\u00fcckmeldung von uns.<\/p>\n<\/div><\/div><\/div><div class=\"w-separator size_small\"><\/div><\/div><\/div><div class=\"wpb_column vc_column_container\"><div class=\"vc_column-inner\"><div class=\"w-iconbox iconpos_top style_default color_primary align_center\"><div class=\"w-iconbox-icon\" style=\"font-size:3rem;\"><i class=\"fas fa-pen\"><\/i><\/div><div class=\"w-iconbox-meta\"><h6 class=\"w-iconbox-title\">Fragen vorbereiten<\/h6><div class=\"w-iconbox-text\"><p>Was interessiert dich am meisten? Nimm unseren <a href=\"\/en\/question-guide\/\"><u>Question-Guide<\/u><\/a>\u00a0zur Inspiration.<\/p>\n<\/div><\/div><\/div><div class=\"w-separator size_small\"><\/div><\/div><\/div><div class=\"wpb_column vc_column_container\"><div class=\"vc_column-inner\"><div class=\"w-iconbox iconpos_top style_default color_primary align_center\"><div class=\"w-iconbox-icon\" style=\"font-size:3rem;\"><i class=\"fas fa-file-alt\"><\/i><\/div><div class=\"w-iconbox-meta\"><h6 class=\"w-iconbox-title\">Dokumente sichten<\/h6><div class=\"w-iconbox-text\"><p>Wir brauchen je eine <a href=\"\/en\/downloads\/WHO-CARED_Consent-Forms_DE.pdf\/\">Einverst\u00e4ndniserkl\u00e4rung<\/a><strong><a href=\"\/en\/downloads\/WHO-CARED_Consent-Form_DE.pdf\/\">,<\/a><\/strong> um euer Video sp\u00e4ter zu nutzen.<\/p>\n<\/div><\/div><\/div><div class=\"w-separator size_small\"><\/div><\/div><\/div><div class=\"wpb_column vc_column_container\"><div class=\"vc_column-inner\"><div class=\"w-iconbox iconpos_top style_default color_primary align_center\"><div class=\"w-iconbox-icon\" style=\"font-size:3rem;\"><i class=\"fas fa-tasks\"><\/i><\/div><div class=\"w-iconbox-meta\"><h6 class=\"w-iconbox-title\">An alles gedacht?<\/h6><div class=\"w-iconbox-text\"><p>Passende Kleidung gew\u00e4hlt und Fragen vorbereitet? Geh&#8216; die <a href=\"#checklist\"><u>Checkliste<\/u><\/a> durch.<\/p>\n<\/div><\/div><\/div><div class=\"w-separator size_small\"><\/div><\/div><\/div><div class=\"wpb_column vc_column_container\"><div class=\"vc_column-inner\"><div class=\"w-iconbox iconpos_top style_default color_primary align_center\"><div class=\"w-iconbox-icon\" style=\"font-size:3rem;\"><i class=\"fas fa-smile\"><\/i><\/div><div class=\"w-iconbox-meta\"><h6 class=\"w-iconbox-title\">Habt Spa\u00df miteinander<\/h6><div class=\"w-iconbox-text\"><p>Lasst euch von eurer\u00a0 Neugierde leiten \u2013 und macht am Ende ein Selfie f\u00fcr uns \ud83d\ude42<\/p>\n<\/div><\/div><\/div><div class=\"w-separator size_small\"><\/div><\/div><\/div><\/div><\/div><\/section><section class=\"l-section wpb_row us_custom_1d3424a0 height_large\" id=\"checklist\"><div class=\"l-section-h i-cf\"><div class=\"g-cols vc_row via_grid cols_1 laptops-cols_inherit tablets-cols_inherit mobiles-cols_1 valign_middle type_default stacking_default\" style=\"--columns-gap:0rem;\"><div class=\"wpb_column vc_column_container\"><div class=\"vc_column-inner\"><div class=\"wpb_text_column\"><div class=\"wpb_wrapper\"><h3>Checkliste<\/h3>\n<\/div><\/div><div class=\"w-separator size_small\"><\/div><div class=\"w-separator size_small with_line width_default thick_1 style_solid color_border align_center\"><div class=\"w-separator-h\"><\/div><\/div><div class=\"wpb_text_column\"><div class=\"wpb_wrapper\"><p><strong>\u2610 Termin buchen:<\/strong> Habt ihr einen Termin angemeldet und von uns best\u00e4tigt bekommen?<\/p>\n<\/div><\/div><div class=\"w-separator size_small with_line width_default thick_1 style_solid color_border align_center\"><div class=\"w-separator-h\"><\/div><\/div><div class=\"wpb_text_column\"><div class=\"wpb_wrapper\"><p><strong>\u2610 Gespr\u00e4ch vorbereiten:<\/strong> Hast du dir Fragen \u00fcberlegt? Schau daf\u00fcr auch in <a href=\"\/en\/question-guide\/\" target=\"_blank\" rel=\"noopener\"><u>unseren Fragen-Guide<\/u><\/a>.<\/p>\n<\/div><\/div><div class=\"w-separator size_small with_line width_default thick_1 style_solid color_border align_center\"><div class=\"w-separator-h\"><\/div><\/div><div class=\"wpb_text_column\"><div class=\"wpb_wrapper\"><p><strong>\u2610 Kleidung w\u00e4hlen: <\/strong>Grelle Farben und Muster wirken vor der Kamera ablenkend. Bitte dein:e Gespr\u00e4chspartner:in etwas Neutrales zu tragen, in dem sich die Person wohlf\u00fchlt.<\/p>\n<\/div><\/div><div class=\"w-separator size_small with_line width_default thick_1 style_solid color_border align_center\"><div class=\"w-separator-h\"><\/div><\/div><div class=\"wpb_text_column\"><div class=\"wpb_wrapper\"><p><strong>\u2610 Dokumente drucken:<\/strong> Halte beide <a href=\"\/download\/WHO-CARED_Consent-Forms_DE.pdf\" target=\"_blank\" rel=\"noopener\"><u>Einverst\u00e4ndniserkl\u00e4rungen<\/u><\/a> bereit, stelle dir deine Fragenliste zusammen und bringe beides am besten in ausgedruckter Form mit.<\/p>\n<\/div><\/div><div class=\"w-separator size_small with_line width_default thick_1 style_solid color_border align_center\"><div class=\"w-separator-h\"><\/div><\/div><div class=\"wpb_text_column\"><div class=\"wpb_wrapper\"><p><strong>\u2610 Sichere deine Dateien:<\/strong> Wir sichern alles vor Ort. Fotografiere die Einverst\u00e4ndniserkl\u00e4rungen nochmal f\u00fcr dich selbst ab.<\/p>\n<\/div><\/div><div class=\"w-separator size_small with_line width_default thick_1 style_solid color_border align_center\"><div class=\"w-separator-h\"><\/div><\/div><div class=\"wpb_text_column\"><div class=\"wpb_wrapper\"><p><strong>\u2610 Macht ein gemeinsames Selfie: <\/strong>F\u00fcr euch, aber auch f\u00fcr uns \ud83d\ude42<\/p>\n<\/div><\/div><div class=\"w-separator size_small with_line width_default thick_1 style_solid color_border align_center\"><div class=\"w-separator-h\"><\/div><\/div><\/div><\/div><\/div><\/div><\/section><section class=\"l-section wpb_row height_small\" id=\"checklists\"><div class=\"l-section-h i-cf\"><div class=\"g-cols vc_row via_grid cols_2 laptops-cols_inherit tablets-cols_inherit mobiles-cols_1 valign_top type_default stacking_default\" style=\"--columns-gap:1rem;\"><div class=\"wpb_column vc_column_container us_custom_fe8181e3 has_text_color has_bg_color\"><div class=\"vc_column-inner\"><div class=\"wpb_text_column\"><div class=\"wpb_wrapper\"><h6>Checkliste f\u00fcrs Studio<\/h6>\n<p><span>Bevorzugst Du eine druckbare Version? Lade die oben stehende Checkliste als PDF herunter und behalte<\/span> alles im Blick.<\/p>\n<\/div><\/div><div class=\"w-separator size_small\"><\/div><div class=\"w-btn-wrapper align_none\"><a class=\"w-btn us-btn-style_5\" target=\"_blank\" href=\"\/download\/WHO-CARED_Checklist-Studio_DE.pdf\"><span class=\"w-btn-label\">Download PDF<\/span><\/a><\/div><\/div><\/div><div class=\"wpb_column vc_column_container us_custom_fe8181e3 has_text_color has_bg_color\"><div class=\"vc_column-inner\"><div class=\"wpb_text_column\"><div class=\"wpb_wrapper\"><h6>Noch Fragen?<\/h6>\n<p>Hier haben wir alle wichtigen Informationen noch einmal \u00fcbersichtlich zusammengefasst.<\/p>\n<\/div><\/div><div class=\"w-separator size_small\"><\/div><div class=\"w-btn-wrapper align_none\"><a class=\"w-btn us-btn-style_5\" href=\"\/en\/faq\/\"><span class=\"w-btn-label\">Unsere FAQs<\/span><\/a><\/div><\/div><\/div><\/div><\/div><\/section><section class=\"l-section wpb_row height_medium\"><div class=\"l-section-h i-cf\"><div class=\"g-cols vc_row via_grid cols_1 laptops-cols_inherit tablets-cols_inherit mobiles-cols_1 valign_top type_default stacking_default\"><div class=\"wpb_column vc_column_container\"><div class=\"vc_column-inner\"><div class=\"w-btn-wrapper align_center\"><a class=\"w-btn us-btn-style_1\" href=\"\/en\/contribute\/\"><span class=\"w-btn-label\">Zur\u00fcck zur \u00dcbersicht<\/span><\/a><\/div><div class=\"w-separator size_huge\"><\/div><\/div><\/div><\/div><\/div><\/section>","protected":false},"excerpt":{"rendered":"Studio in K\u00f6ln In unserem Studio in K\u00f6ln sorgen wir f\u00fcr alles, was eine gute Aufnahme technisch braucht. Bei Fragen sind wir direkt ansprechbar. Und Kaffee gibt es nat\u00fcrlich dazu \ud83d\ude42 Wichtiger Hinweis: Das Studio ist leider nicht barrierefrei (3. Stock ohne Aufzug). Bucht euch einen Termin und kommt vorbei! Terminwunsch Samstag, 9. Mai 2026,...","protected":false},"author":2,"featured_media":0,"parent":0,"menu_order":0,"comment_status":"closed","ping_status":"closed","template":"","meta":{"_acf_changed":false,"footnotes":""},"class_list":["post-704","page","type-page","status-publish","hentry"],"acf":[],"_links":{"self":[{"href":"https:\/\/who-cared.com\/en\/wp-json\/wp\/v2\/pages\/704","targetHints":{"allow":["GET"]}}],"collection":[{"href":"https:\/\/who-cared.com\/en\/wp-json\/wp\/v2\/pages"}],"about":[{"href":"https:\/\/who-cared.com\/en\/wp-json\/wp\/v2\/types\/page"}],"author":[{"embeddable":true,"href":"https:\/\/who-cared.com\/en\/wp-json\/wp\/v2\/users\/2"}],"replies":[{"embeddable":true,"href":"https:\/\/who-cared.com\/en\/wp-json\/wp\/v2\/comments?post=704"}],"version-history":[{"count":47,"href":"https:\/\/who-cared.com\/en\/wp-json\/wp\/v2\/pages\/704\/revisions"}],"predecessor-version":[{"id":1294,"href":"https:\/\/who-cared.com\/en\/wp-json\/wp\/v2\/pages\/704\/revisions\/1294"}],"wp:attachment":[{"href":"https:\/\/who-cared.com\/en\/wp-json\/wp\/v2\/media?parent=704"}],"curies":[{"name":"wp","href":"https:\/\/api.w.org\/{rel}","templated":true}]}}