{"id":528,"date":"2025-08-05T16:16:16","date_gmt":"2025-08-05T16:16:16","guid":{"rendered":"https:\/\/who-cared.com\/?page_id=528"},"modified":"2025-09-19T12:56:27","modified_gmt":"2025-09-19T12:56:27","slug":"diy","status":"publish","type":"page","link":"https:\/\/who-cared.com\/en\/diy\/","title":{"rendered":"DIY"},"content":{"rendered":"<section class=\"l-section wpb_row us_custom_1d3424a0 height_medium\"><div class=\"l-section-h i-cf\"><div class=\"g-cols vc_row via_grid cols_custom laptops-cols_inherit tablets-cols_inherit mobiles-cols_1 valign_middle type_default stacking_default\" style=\"--columns-gap:0rem;--custom-columns:1fr 4fr 1fr \"><div class=\"wpb_column vc_column_container\"><div class=\"vc_column-inner\"><\/div><\/div><div class=\"wpb_column vc_column_container\"><div class=\"vc_column-inner\"><div class=\"wpb_text_column\"><div class=\"wpb_wrapper\"><h2 style=\"text-align: center;\">Do it yourself<\/h2>\n<\/div><\/div><div class=\"w-separator size_medium\"><\/div><\/div><\/div><div class=\"wpb_column vc_column_container\"><div class=\"vc_column-inner\"><\/div><\/div><\/div><\/div><\/section><section class=\"l-section wpb_row height_auto\"><div class=\"l-section-h i-cf\"><div class=\"g-cols vc_row via_grid cols_2 laptops-cols_inherit tablets-cols_inherit mobiles-cols_1 valign_top type_default stacking_default\"><div class=\"wpb_column vc_column_container\"><div class=\"vc_column-inner\"><div class=\"w-image align_none\"><div class=\"w-image-h\"><img decoding=\"async\" width=\"1024\" height=\"576\" src=\"https:\/\/who-cared.com\/wp-content\/uploads\/2025\/08\/diy-1024x576.jpg\" class=\"attachment-large size-large\" alt=\"\" loading=\"lazy\" srcset=\"https:\/\/who-cared.com\/wp-content\/uploads\/2025\/08\/diy-1024x576.jpg 1024w, https:\/\/who-cared.com\/wp-content\/uploads\/2025\/08\/diy-300x169.jpg 300w, https:\/\/who-cared.com\/wp-content\/uploads\/2025\/08\/diy-18x10.jpg 18w, https:\/\/who-cared.com\/wp-content\/uploads\/2025\/08\/diy.jpg 1600w\" sizes=\"auto, (max-width: 1024px) 100vw, 1024px\" \/><\/div><\/div><\/div><\/div><div class=\"wpb_column vc_column_container\"><div class=\"vc_column-inner\"><div class=\"wpb_text_column\"><div class=\"wpb_wrapper\"><p><strong>Easy Set-Up:<\/strong><\/p>\n<ul>\n<li>Smartphone<\/li>\n<li>Stativ (z.b. das <a href=\"https:\/\/www.saturn.de\/de\/product\/_rollei-22638-2271999.html\" target=\"_blank\" rel=\"noopener\">hier<\/a>)<\/li>\n<\/ul>\n<p><strong>Advanced Set-Up:<\/strong><\/p>\n<ul>\n<li>Mikrofon (z.B. das <a href=\"https:\/\/www.saturn.de\/de\/product\/_rollei-hearme-mobile-x2-mini-lavalier-mikrofon-2984001.html\" target=\"_blank\" rel=\"noopener\">hier<\/a>)<\/li>\n<li>Licht inkl. Stativ (z.B. das <a href=\"https:\/\/www.saturn.de\/de\/product\/_lumis-comfort-2771847.html\" target=\"_blank\" rel=\"noopener\">hier<\/a>)<\/li>\n<\/ul>\n<p>Ist das Bild scharf, dein:e Gespr\u00e4chspartner:in gut zu sehen und zu verstehen? Unsere Tipps helfen dir, das beste aus deiner Aufnahme herauszuholen. Du findest sie auch in unserer <a href=\"#checklist\"><u>Checkliste<\/u><\/a>.<\/p>\n<\/div><\/div><\/div><\/div><\/div><\/div><\/section><section class=\"l-section wpb_row us_custom_1d3424a0 height_medium\"><div class=\"l-section-h i-cf\"><div class=\"g-cols vc_row via_grid cols_1 laptops-cols_inherit tablets-cols_inherit mobiles-cols_1 valign_middle type_default stacking_default\" style=\"--columns-gap:0rem;\"><div class=\"wpb_column vc_column_container\"><div class=\"vc_column-inner\"><div class=\"w-separator size_medium\"><\/div><div class=\"w-tabs style_default switch_click accordion type_togglable has_scrolling\" style=\"--sections-title-size:inherit\"><div class=\"w-tabs-sections titles-align_none icon_chevron cpos_right\"><div class=\"w-tabs-section active\" id=\"q490\"><button class=\"w-tabs-section-header active\" aria-controls=\"content-q490\" aria-expanded=\"true\"><div class=\"w-tabs-section-title\">Sorge f\u00fcr gutes Licht.<\/div><div class=\"w-tabs-section-control\"><\/div><\/button><div  class=\"w-tabs-section-content\" id=\"content-q490\"><div class=\"w-tabs-section-content-h i-cf\"><div class=\"g-cols wpb_row via_grid cols_2 laptops-cols_inherit tablets-cols_inherit mobiles-cols_1 valign_top type_default stacking_default\" style=\"--columns-gap:3rem;\"><div class=\"wpb_column vc_column_container\"><div class=\"vc_column-inner\"><div class=\"w-image align_none\"><div class=\"w-image-h\"><img decoding=\"async\" width=\"1600\" height=\"900\" src=\"https:\/\/who-cared.com\/wp-content\/uploads\/2025\/08\/light.jpg\" class=\"attachment-full size-full\" alt=\"\" loading=\"lazy\" srcset=\"https:\/\/who-cared.com\/wp-content\/uploads\/2025\/08\/light.jpg 1600w, https:\/\/who-cared.com\/wp-content\/uploads\/2025\/08\/light-300x169.jpg 300w, https:\/\/who-cared.com\/wp-content\/uploads\/2025\/08\/light-1024x576.jpg 1024w, https:\/\/who-cared.com\/wp-content\/uploads\/2025\/08\/light-18x10.jpg 18w\" sizes=\"auto, (max-width: 1600px) 100vw, 1600px\" \/><\/div><\/div><\/div><\/div><div class=\"wpb_column vc_column_container\"><div class=\"vc_column-inner\"><div class=\"wpb_text_column\"><div class=\"wpb_wrapper\"><ul>\n<li>Setze dein:e Gespr\u00e4chspartner:in so gut es geht mit dem Gesicht zum Licht. Das kann ein Fenster sein oder das Licht aus unserer Tool-Box, die du dir nach Hause <a href=\"\/en\/tool-box-rental\/\"><u><u>bestellen kannst<\/u><\/u><\/a>.<\/li>\n<li>Achte darauf, dass das Licht keine harten Schatten im Gesicht wirft.<\/li>\n<li>Achtung: Zur Mittagszeit kann das Licht im Sommer sehr grell werden. Filme lieber vor- oder nachmittags.<\/li>\n<\/ul>\n<\/div><\/div><\/div><\/div><\/div><\/div><\/div><\/div><div class=\"w-tabs-section active\" id=\"u956\"><button class=\"w-tabs-section-header active\" aria-controls=\"content-u956\" aria-expanded=\"true\"><div class=\"w-tabs-section-title\">Richte deine Handykamera ein.<\/div><div class=\"w-tabs-section-control\"><\/div><\/button><div  class=\"w-tabs-section-content\" id=\"content-u956\"><div class=\"w-tabs-section-content-h i-cf\"><div class=\"g-cols wpb_row via_grid cols_2 laptops-cols_inherit tablets-cols_inherit mobiles-cols_1 valign_top type_default stacking_default\" style=\"--columns-gap:3rem;\"><div class=\"wpb_column vc_column_container\"><div class=\"vc_column-inner\"><div class=\"w-image align_none\"><div class=\"w-image-h\"><img decoding=\"async\" width=\"1600\" height=\"900\" src=\"https:\/\/who-cared.com\/wp-content\/uploads\/2025\/09\/WHO-CARED_09@2x.jpg\" class=\"attachment-full size-full\" alt=\"\" loading=\"lazy\" srcset=\"https:\/\/who-cared.com\/wp-content\/uploads\/2025\/09\/WHO-CARED_09@2x.jpg 1600w, https:\/\/who-cared.com\/wp-content\/uploads\/2025\/09\/WHO-CARED_09@2x-300x169.jpg 300w, https:\/\/who-cared.com\/wp-content\/uploads\/2025\/09\/WHO-CARED_09@2x-1024x576.jpg 1024w, https:\/\/who-cared.com\/wp-content\/uploads\/2025\/09\/WHO-CARED_09@2x-18x10.jpg 18w\" sizes=\"auto, (max-width: 1600px) 100vw, 1600px\" \/><\/div><\/div><\/div><\/div><div class=\"wpb_column vc_column_container\"><div class=\"vc_column-inner\"><div class=\"wpb_text_column\"><div class=\"wpb_wrapper\"><ul>\n<li>Die Handykamera sollte auf Augenh\u00f6he positioniert sein.<\/li>\n<li>Die Person kann mittig oder leicht seitlich im Bild sitzen.<\/li>\n<li>W\u00e4hle f\u00fcr den Bildausschnitt die Halbtotale: ab Brusth\u00f6he aufw\u00e4rts.<\/li>\n<li>Du sitzt neben der Kamera. Die Person ist nicht der Kamera, sondern dir zugewandt. Sie schaut dich w\u00e4hrend des Gespr\u00e4chs an.<\/li>\n<li>Achte darauf, dass der Bildausschnitt angenehm ist und die Person sich selbst in diesem Ausschnitt mag. Zeig ihr ggf. eine Probeaufnahme.<\/li>\n<\/ul>\n<\/div><\/div><\/div><\/div><\/div><\/div><\/div><\/div><div class=\"w-tabs-section active\" id=\"ee26\"><button class=\"w-tabs-section-header active\" aria-controls=\"content-ee26\" aria-expanded=\"true\"><div class=\"w-tabs-section-title\">Sorge f\u00fcr einen guten Ton.<\/div><div class=\"w-tabs-section-control\"><\/div><\/button><div  class=\"w-tabs-section-content\" id=\"content-ee26\"><div class=\"w-tabs-section-content-h i-cf\"><div class=\"g-cols wpb_row via_grid cols_2 laptops-cols_inherit tablets-cols_inherit mobiles-cols_1 valign_top type_default stacking_default\" style=\"--columns-gap:3rem;\" id=\"sound\"><div class=\"wpb_column vc_column_container\"><div class=\"vc_column-inner\"><div class=\"w-image align_none\"><div class=\"w-image-h\"><img decoding=\"async\" width=\"1600\" height=\"900\" src=\"https:\/\/who-cared.com\/wp-content\/uploads\/2025\/08\/sound.jpg\" class=\"attachment-full size-full\" alt=\"\" loading=\"lazy\" srcset=\"https:\/\/who-cared.com\/wp-content\/uploads\/2025\/08\/sound.jpg 1600w, https:\/\/who-cared.com\/wp-content\/uploads\/2025\/08\/sound-300x169.jpg 300w, https:\/\/who-cared.com\/wp-content\/uploads\/2025\/08\/sound-1024x576.jpg 1024w, https:\/\/who-cared.com\/wp-content\/uploads\/2025\/08\/sound-18x10.jpg 18w\" sizes=\"auto, (max-width: 1600px) 100vw, 1600px\" \/><\/div><\/div><\/div><\/div><div class=\"wpb_column vc_column_container\"><div class=\"vc_column-inner\"><div class=\"wpb_text_column\"><div class=\"wpb_wrapper\"><ul>\n<li>Schlie\u00dfe Fenster und T\u00fcren. Bitte Menschen in derselben Wohnung, leise zu sein.<\/li>\n<li>Bring das Handy\/Mikrofon so nah wie m\u00f6glich an die Person.<\/li>\n<li>Mache eine Probeaufnahme, bei der dein:e Gespr\u00e4chspartner:in in normaler Lautst\u00e4rke spricht.<\/li>\n<li>Der Ton ist zu leise oder verzerrt (zu laut)? Passe die Distanz des Mikrofons an.<\/li>\n<\/ul>\n<\/div><\/div><\/div><\/div><\/div><\/div><\/div><\/div><\/div><\/div><div class=\"w-separator size_medium\"><\/div><\/div><\/div><\/div><\/div><\/section><section class=\"l-section wpb_row height_auto\"><div class=\"l-section-h i-cf\"><div class=\"g-cols vc_row via_grid cols_2 laptops-cols_inherit tablets-cols_inherit mobiles-cols_1 valign_top type_default stacking_default\" style=\"--columns-gap:1rem;\"><div class=\"wpb_column vc_column_container us_custom_fe8181e3 has_text_color has_bg_color\"><div class=\"vc_column-inner\"><div class=\"wpb_text_column\"><div class=\"wpb_wrapper\"><p>Du willst noch mehr aus deiner Aufnahme herausholen? <strong>Leih dir kostenfrei Technik<\/strong> von uns aus.<\/p>\n<\/div><\/div><div class=\"w-separator size_small\"><\/div><div class=\"w-btn-wrapper align_none\"><a class=\"w-btn us-btn-style_5\" href=\"\/en\/tool-box-rental\/\"><span class=\"w-btn-label\">Tool-Box bestellen<\/span><\/a><\/div><\/div><\/div><div class=\"wpb_column vc_column_container us_custom_fe8181e3 has_text_color has_bg_color\"><div class=\"vc_column-inner\"><div class=\"wpb_text_column\"><div class=\"wpb_wrapper\"><p>Du wohnst in der N\u00e4he von K\u00f6ln? Spar dir das Set-Up und komm zu uns <strong>ins Studio.<\/strong><\/p>\n<\/div><\/div><div class=\"w-separator size_small\"><\/div><div class=\"w-btn-wrapper align_none\"><a class=\"w-btn us-btn-style_5\" href=\"\/en\/studio\/\"><span class=\"w-btn-label\">Buche einen Slot<\/span><\/a><\/div><\/div><\/div><\/div><\/div><\/section><section class=\"l-section wpb_row us_custom_1d3424a0 height_medium\"><div class=\"l-section-h i-cf\"><div class=\"g-cols vc_row via_grid cols_1 laptops-cols_inherit tablets-cols_inherit mobiles-cols_1 valign_middle type_default stacking_default\" style=\"--columns-gap:0rem;\"><div class=\"wpb_column vc_column_container\"><div class=\"vc_column-inner\"><div class=\"w-separator size_medium\"><\/div><div class=\"wpb_text_column\"><div class=\"wpb_wrapper\"><h3 style=\"text-align: center;\">N\u00e4chste Schritte<\/h3>\n<\/div><\/div><\/div><\/div><\/div><\/div><\/section><section class=\"l-section wpb_row height_auto\"><div class=\"l-section-h i-cf\"><div class=\"g-cols vc_row via_grid cols_5 laptops-cols_inherit tablets-cols_inherit mobiles-cols_1 valign_top type_default stacking_default\" style=\"--columns-gap:2rem;\"><div class=\"wpb_column vc_column_container\"><div class=\"vc_column-inner\"><div class=\"w-iconbox iconpos_top style_default color_primary align_center\"><div class=\"w-iconbox-icon\" style=\"font-size:3rem;\"><i class=\"fas fa-calendar-alt\"><\/i><\/div><div class=\"w-iconbox-meta\"><h6 class=\"w-iconbox-title\">Termin finden<\/h6><div class=\"w-iconbox-text\"><p><span>Plant ausreichend\u00a0<\/span><strong>Zeit<\/strong><span>\u00a0f\u00fcr Set-Up und Gespr\u00e4ch ein \u2013 zwei Stunden reichen meist aus.<\/span><\/p>\n<\/div><\/div><\/div><div class=\"w-separator size_small\"><\/div><\/div><\/div><div class=\"wpb_column vc_column_container\"><div class=\"vc_column-inner\"><div class=\"w-iconbox iconpos_top style_default color_primary align_center\"><div class=\"w-iconbox-icon\" style=\"font-size:3rem;\"><i class=\"fas fa-pen\"><\/i><\/div><div class=\"w-iconbox-meta\"><h6 class=\"w-iconbox-title\">Fragen vorbereiten<\/h6><div class=\"w-iconbox-text\"><p>Was interessiert dich am meisten? Nimm unseren <a href=\"\/en\/question-guide\/\"><u>Question-Guide<\/u><\/a>\u00a0zur Inspiration.<\/p>\n<\/div><\/div><\/div><div class=\"w-separator size_small\"><\/div><\/div><\/div><div class=\"wpb_column vc_column_container\"><div class=\"vc_column-inner\"><div class=\"w-iconbox iconpos_top style_default color_primary align_center\"><div class=\"w-iconbox-icon\" style=\"font-size:3rem;\"><i class=\"fas fa-file-alt\"><\/i><\/div><div class=\"w-iconbox-meta\"><h6 class=\"w-iconbox-title\">Dokumente sichten<\/h6><div class=\"w-iconbox-text\"><p>Um eure Videos zu nutzen, brauchen wir eine <a href=\"\/download\/WHO-CARED_Consent-Forms_DE.pdf\" target=\"_blank\" rel=\"noopener\"><u>Einverst\u00e4ndniserkl\u00e4rung<\/u><\/a>.<\/p>\n<\/div><\/div><\/div><div class=\"w-separator size_small\"><\/div><\/div><\/div><div class=\"wpb_column vc_column_container\"><div class=\"vc_column-inner\"><div class=\"w-iconbox iconpos_top style_default color_primary align_center\"><div class=\"w-iconbox-icon\" style=\"font-size:3rem;\"><i class=\"fas fa-tasks\"><\/i><\/div><div class=\"w-iconbox-meta\"><h6 class=\"w-iconbox-title\">An alles gedacht?<\/h6><div class=\"w-iconbox-text\"><p>Gen\u00fcgend Speicherplatz und alle Dokumente ausgedruckt? Geh&#8216; die <a href=\"#checklist\"><u>Checkliste<\/u><\/a> durch.<\/p>\n<\/div><\/div><\/div><div class=\"w-separator size_small\"><\/div><\/div><\/div><div class=\"wpb_column vc_column_container\"><div class=\"vc_column-inner\"><div class=\"w-iconbox iconpos_top style_default color_primary align_center\"><div class=\"w-iconbox-icon\" style=\"font-size:3rem;\"><i class=\"fas fa-smile\"><\/i><\/div><div class=\"w-iconbox-meta\"><h6 class=\"w-iconbox-title\">Habt Spa\u00df miteinander<\/h6><div class=\"w-iconbox-text\"><p>Lasst euch von eurer\u00a0 Neugierde leiten \u2013 und macht am Ende ein Selfie f\u00fcr uns \ud83d\ude42<\/p>\n<\/div><\/div><\/div><div class=\"w-separator size_small\"><\/div><\/div><\/div><\/div><\/div><\/section><section class=\"l-section wpb_row us_custom_1d3424a0 height_large\" id=\"checklist\"><div class=\"l-section-h i-cf\"><div class=\"g-cols vc_row via_grid cols_1 laptops-cols_inherit tablets-cols_inherit mobiles-cols_1 valign_middle type_default stacking_default\" style=\"--columns-gap:0rem;\"><div class=\"wpb_column vc_column_container\"><div class=\"vc_column-inner\"><div class=\"wpb_text_column\"><div class=\"wpb_wrapper\"><h3>Checkliste<\/h3>\n<\/div><\/div><div class=\"w-separator size_small\"><\/div><div class=\"w-separator size_small with_line width_default thick_1 style_solid color_border align_center\"><div class=\"w-separator-h\"><\/div><\/div><div class=\"wpb_text_column\"><div class=\"wpb_wrapper\"><p><strong>\u2610 Termin finden<\/strong>: Nehmt euch zwei Stunden Zeit, damit ihr gen\u00fcgend Puffer habt.<\/p>\n<\/div><\/div><div class=\"w-separator size_small with_line width_default thick_1 style_solid color_border align_center\"><div class=\"w-separator-h\"><\/div><\/div><div class=\"wpb_text_column\"><div class=\"wpb_wrapper\"><p><strong>\u2610 Gespr\u00e4chsort festlegen<\/strong>: Identifiziert einen Ort, der ger\u00e4uscharm und m\u00f6glichst hell ist.<\/p>\n<\/div><\/div><div class=\"w-separator size_small with_line width_default thick_1 style_solid color_border align_center\"><div class=\"w-separator-h\"><\/div><\/div><div class=\"wpb_text_column\"><div class=\"wpb_wrapper\"><p><strong>\u2610 Gespr\u00e4ch vorbereiten:<\/strong> Hast du dir Fragen \u00fcberlegt? Schau daf\u00fcr auch in <a href=\"\/en\/question-guide\/\"><u>unseren Fragen-Guide<\/u><\/a>.<\/p>\n<\/div><\/div><div class=\"w-separator size_small with_line width_default thick_1 style_solid color_border align_center\"><div class=\"w-separator-h\"><\/div><\/div><div class=\"wpb_text_column\"><div class=\"wpb_wrapper\"><p><strong>\u2610 Technik bereitlegen:<\/strong> Hast du gen\u00fcgend Speicherplatz auf deinem Handy, ein Stativ? Ist unsere Technikbox angekommen? Mache dich mit allem vertraut, was du brauchst.<\/p>\n<\/div><\/div><div class=\"w-separator size_small with_line width_default thick_1 style_solid color_border align_center\"><div class=\"w-separator-h\"><\/div><\/div><div class=\"wpb_text_column\"><div class=\"wpb_wrapper\"><p><strong>\u2610 Kleidung w\u00e4hlen: <\/strong>Grelle Farben und Muster wirken vor der Kamera ablenkend. Bitte dein:e Gespr\u00e4chspartner:in, etwas Neutrales zu tragen, in dem sich die Person wohlf\u00fchlt.<\/p>\n<\/div><\/div><div class=\"w-separator size_small with_line width_default thick_1 style_solid color_border align_center\"><div class=\"w-separator-h\"><\/div><\/div><div class=\"wpb_text_column\"><div class=\"wpb_wrapper\"><p><strong>\u2610 Dokumente drucken:<\/strong> Halte beide <a href=\"#consent-form\"><u>Einverst\u00e4ndniserkl\u00e4rungen<\/u><\/a> bereit, stelle dir deine Fragenliste zusammen und bringe beides am besten in ausgedruckter Form mit.<\/p>\n<\/div><\/div><div class=\"w-separator size_small with_line width_default thick_1 style_solid color_border align_center\"><div class=\"w-separator-h\"><\/div><\/div><div class=\"wpb_text_column\"><div class=\"wpb_wrapper\"><p><strong>\u2610 Raum vorbereiten:<\/strong> W\u00e4hle einen m\u00f6glichst neutralen Hintergrund oder entferne ablenkende Objekte. Weise Menschen im Umfeld darauf hin, dass ihr eine Aufnahme macht und Ruhe braucht.<\/p>\n<\/div><\/div><div class=\"w-separator size_small with_line width_default thick_1 style_solid color_border align_center\"><div class=\"w-separator-h\"><\/div><\/div><div class=\"wpb_text_column\"><div class=\"wpb_wrapper\"><p><strong>\u2610 Einverst\u00e4ndniserkl\u00e4rung: <\/strong>Hast du dazu alles erkl\u00e4rt? Hat dein:e Gespr\u00e4chspartner:in Fragen? Wollt ihr die Unterschriften vor oder nach dem Gespr\u00e4ch setzen?<\/p>\n<\/div><\/div><div class=\"w-separator size_small with_line width_default thick_1 style_solid color_border align_center\"><div class=\"w-separator-h\"><\/div><\/div><div class=\"wpb_text_column\"><div class=\"wpb_wrapper\"><p><strong>\u2610 Sorge f\u00fcr gutes Licht: <\/strong>Setze die Person vor eine weiche Lichtquelle (z.\u202fB. Fenster oder Lampe) und achte auf gleichm\u00e4\u00dfige Ausleuchtung des Gesichts.<\/p>\n<\/div><\/div><div class=\"w-separator size_small with_line width_default thick_1 style_solid color_border align_center\"><div class=\"w-separator-h\"><\/div><\/div><div class=\"wpb_text_column\"><div class=\"wpb_wrapper\"><p><strong>\u2610 Richte deine Kamera ein:<\/strong> Nutze ein Stativ, positioniere die Kamera auf Augenh\u00f6he, filme im Querformat und w\u00e4hle die h\u00f6chste verf\u00fcgbare Videoqualit\u00e4t (HD oder 4K).<\/p>\n<\/div><\/div><div class=\"w-separator size_small with_line width_default thick_1 style_solid color_border align_center\"><div class=\"w-separator-h\"><\/div><\/div><div class=\"wpb_text_column\"><div class=\"wpb_wrapper\"><p><strong>\u2610 W\u00e4hle den Bildausschnitt: <\/strong>Nimm in einer Halbtotale auf, das hei\u00dft ab Brusth\u00f6he aufw\u00e4rts. Dein:e Gespr\u00e4chspartner:in sollte knapp an der Kamera vorbei und dich anschauen, um einen nat\u00fcrlichen Eindruck zu erzeugen.<\/p>\n<\/div><\/div><div class=\"w-separator size_small with_line width_default thick_1 style_solid color_border align_center\"><div class=\"w-separator-h\"><\/div><\/div><div class=\"wpb_text_column\"><div class=\"wpb_wrapper\"><p><strong>\u2610 Richte den Ton ein: <\/strong>Positioniere das Handy oder Mikrofon m\u00f6glichst nah an der Person. Lass dein:e Gespr\u00e4chspartner:in leise und laut sprechen und mach eine Probeaufnahme.<\/p>\n<\/div><\/div><div class=\"w-separator size_small with_line width_default thick_1 style_solid color_border align_center\"><div class=\"w-separator-h\"><\/div><\/div><div class=\"wpb_text_column\"><div class=\"wpb_wrapper\"><p><strong>\u2610 Kontrolliere zwischendurch,<\/strong> ob Kamera und Ton noch laufen.<\/p>\n<\/div><\/div><div class=\"w-separator size_small with_line width_default thick_1 style_solid color_border align_center\"><div class=\"w-separator-h\"><\/div><\/div><div class=\"wpb_text_column\"><div class=\"wpb_wrapper\"><p><strong>\u2610 Sichere deine Dateien: <\/strong>Fotografiere die Einverst\u00e4ndniserkl\u00e4rung und speichere alle Dateien (Video, Audio, Formular) sorgf\u00e4ltig ab.<\/p>\n<\/div><\/div><div class=\"w-separator size_small with_line width_default thick_1 style_solid color_border align_center\"><div class=\"w-separator-h\"><\/div><\/div><div class=\"wpb_text_column\"><div class=\"wpb_wrapper\"><p><strong>\u2610 Macht ein gemeinsames Selfie: <\/strong>F\u00fcr euch, aber auch f\u00fcr uns \ud83d\ude42<\/p>\n<\/div><\/div><div class=\"w-separator size_small with_line width_default thick_1 style_solid color_border align_center\"><div class=\"w-separator-h\"><\/div><\/div><div class=\"wpb_text_column\"><div class=\"wpb_wrapper\"><p><strong>\u2610 Schick uns zuerst die unterschriebene Einverst\u00e4ndniserkl\u00e4rung <\/strong>und zwar <a href=\"\/en\/upload\/\"><u>hier<\/u><\/a>. Wir senden dir dann den Upload-Link f\u00fcr das Video.<\/p>\n<\/div><\/div><div class=\"w-separator size_small with_line width_default thick_1 style_solid color_border align_center\"><div class=\"w-separator-h\"><\/div><\/div><div class=\"wpb_text_column\"><div class=\"wpb_wrapper\"><p><strong>\u2610 Hast du unsere Tool-Box geliehen? <\/strong>Dann pack alles zusammen und schick sie mit dem Retouren-Etikett an uns zur\u00fcck.<\/p>\n<\/div><\/div><div class=\"w-separator size_small with_line width_default thick_1 style_solid color_border align_center\"><div class=\"w-separator-h\"><\/div><\/div><\/div><\/div><\/div><\/div><\/section><section class=\"l-section wpb_row height_small\" id=\"checklists\"><div class=\"l-section-h i-cf\"><div class=\"g-cols vc_row via_grid cols_2 laptops-cols_inherit tablets-cols_inherit mobiles-cols_1 valign_top type_default stacking_default\" style=\"--columns-gap:1rem;\"><div class=\"wpb_column vc_column_container us_custom_fe8181e3 has_text_color has_bg_color\"><div class=\"vc_column-inner\"><div class=\"wpb_text_column\"><div class=\"wpb_wrapper\"><h6>Checkliste f\u00fcr Zuhause<\/h6>\n<p><span>Bevorzugst Du eine druckbare Version? Lade die oben stehende Checkliste als PDF herunter und behalte<\/span> alles im Blick.<\/p>\n<\/div><\/div><div class=\"w-separator size_small\"><\/div><div class=\"w-btn-wrapper align_none\"><a class=\"w-btn us-btn-style_5\" target=\"_blank\" href=\"\/download\/WHO-CARED_Checklist-Home_DE.pdf\"><span class=\"w-btn-label\">Download PDF<\/span><\/a><\/div><\/div><\/div><div class=\"wpb_column vc_column_container us_custom_fe8181e3 has_text_color has_bg_color\"><div class=\"vc_column-inner\"><div class=\"wpb_text_column\"><div class=\"wpb_wrapper\"><h6>Noch Fragen?<\/h6>\n<p>Hier haben wir die wichtigsten Informationen nochmal \u00fcbersichtlich zusammengefasst.<\/p>\n<\/div><\/div><div class=\"w-separator size_small\"><\/div><div class=\"w-btn-wrapper align_none\"><a class=\"w-btn us-btn-style_5\" href=\"\/en\/faq\/\"><span class=\"w-btn-label\">Unsere FAQs<\/span><\/a><\/div><\/div><\/div><\/div><\/div><\/section><section class=\"l-section wpb_row height_medium\"><div class=\"l-section-h i-cf\"><div class=\"g-cols vc_row via_grid cols_1 laptops-cols_inherit tablets-cols_inherit mobiles-cols_1 valign_top type_default stacking_default\"><div class=\"wpb_column vc_column_container\"><div class=\"vc_column-inner\"><div class=\"w-btn-wrapper align_center\"><a class=\"w-btn us-btn-style_1\" href=\"\/en\/contribute\/\"><span class=\"w-btn-label\">Zur\u00fcck zur \u00dcbersicht<\/span><\/a><\/div><div class=\"w-separator size_huge\"><\/div><\/div><\/div><\/div><\/div><\/section>","protected":false},"excerpt":{"rendered":"Do it yourself Easy Set-Up: Smartphone Stativ (z.b. das hier) Advanced Set-Up: Mikrofon (z.B. das hier) Licht inkl. Stativ (z.B. das hier) Ist das Bild scharf, dein:e Gespr\u00e4chspartner:in gut zu sehen und zu verstehen? Unsere Tipps helfen dir, das beste aus deiner Aufnahme herauszuholen. Du findest sie auch in unserer Checkliste. Sorge f\u00fcr gutes Licht....","protected":false},"author":2,"featured_media":0,"parent":0,"menu_order":0,"comment_status":"closed","ping_status":"closed","template":"","meta":{"_acf_changed":false,"footnotes":""},"class_list":["post-528","page","type-page","status-publish","hentry"],"acf":[],"_links":{"self":[{"href":"https:\/\/who-cared.com\/en\/wp-json\/wp\/v2\/pages\/528","targetHints":{"allow":["GET"]}}],"collection":[{"href":"https:\/\/who-cared.com\/en\/wp-json\/wp\/v2\/pages"}],"about":[{"href":"https:\/\/who-cared.com\/en\/wp-json\/wp\/v2\/types\/page"}],"author":[{"embeddable":true,"href":"https:\/\/who-cared.com\/en\/wp-json\/wp\/v2\/users\/2"}],"replies":[{"embeddable":true,"href":"https:\/\/who-cared.com\/en\/wp-json\/wp\/v2\/comments?post=528"}],"version-history":[{"count":90,"href":"https:\/\/who-cared.com\/en\/wp-json\/wp\/v2\/pages\/528\/revisions"}],"predecessor-version":[{"id":1009,"href":"https:\/\/who-cared.com\/en\/wp-json\/wp\/v2\/pages\/528\/revisions\/1009"}],"wp:attachment":[{"href":"https:\/\/who-cared.com\/en\/wp-json\/wp\/v2\/media?parent=528"}],"curies":[{"name":"wp","href":"https:\/\/api.w.org\/{rel}","templated":true}]}}