{"id":488,"date":"2025-08-05T15:12:26","date_gmt":"2025-08-05T15:12:26","guid":{"rendered":"https:\/\/who-cared.com\/?page_id=488"},"modified":"2025-09-22T09:33:26","modified_gmt":"2025-09-22T09:33:26","slug":"contribute","status":"publish","type":"page","link":"https:\/\/who-cared.com\/en\/contribute\/","title":{"rendered":"Contribute"},"content":{"rendered":"<section class=\"l-section wpb_row us_custom_1d3424a0 height_medium\"><div class=\"l-section-h i-cf\"><div class=\"g-cols vc_row via_grid cols_custom laptops-cols_inherit tablets-cols_inherit mobiles-cols_1 valign_middle type_default stacking_default\" style=\"--columns-gap:0rem;--custom-columns:1fr 4fr 1fr \"><div class=\"wpb_column vc_column_container\"><div class=\"vc_column-inner\"><\/div><\/div><div class=\"wpb_column vc_column_container\"><div class=\"vc_column-inner\"><div class=\"wpb_text_column\"><div class=\"wpb_wrapper\"><h2 style=\"text-align: center\">Contribute<\/h2>\n<\/div><\/div><div class=\"w-separator size_medium\"><\/div><div class=\"wpb_text_column\"><div class=\"wpb_wrapper\"><p style=\"text-align: center\">Sharing is Caring \u2013 umso mehr freuen wir uns, dass du hier bist und WHO CARED unterst\u00fctzen willst \ud83d\ude42<\/p>\n<p style=\"text-align: center\">Auf diesen Seiten findest du alles, was du brauchst und wissen musst. Das Wichtigste zuerst: Habt Spa\u00df! Es gibt kein Perfekt. Jede Erz\u00e4hlung ist wertvoll, egal wie kurz oder ausf\u00fchrlich.<\/p>\n<p style=\"text-align: center\">Als n\u00e4chstes w\u00e4hle bitte deine Technikoption. Von dort bereiten wir uns gemeinsam und Schritt f\u00fcr Schritt auf das Gespr\u00e4ch vor.<\/p>\n<\/div><\/div><\/div><\/div><div class=\"wpb_column vc_column_container\"><div class=\"vc_column-inner\"><\/div><\/div><\/div><\/div><\/section><section class=\"l-section wpb_row height_auto\"><div class=\"l-section-h i-cf\"><div class=\"g-cols vc_row via_grid cols_3 laptops-cols_inherit tablets-cols_inherit mobiles-cols_1 valign_top type_default stacking_default\" style=\"--columns-gap:1rem;\"><div class=\"wpb_column vc_column_container us_custom_fe8181e3 has_text_color has_bg_color\"><div class=\"vc_column-inner\"><div class=\"w-image align_none\"><a href=\"\/en\/diy\/\" aria-label=\"diy\" class=\"w-image-h\"><img decoding=\"async\" width=\"1024\" height=\"576\" src=\"https:\/\/who-cared.com\/wp-content\/uploads\/2025\/08\/diy-1024x576.jpg\" class=\"attachment-large size-large\" alt=\"\" loading=\"lazy\" srcset=\"https:\/\/who-cared.com\/wp-content\/uploads\/2025\/08\/diy-1024x576.jpg 1024w, https:\/\/who-cared.com\/wp-content\/uploads\/2025\/08\/diy-300x169.jpg 300w, https:\/\/who-cared.com\/wp-content\/uploads\/2025\/08\/diy-18x10.jpg 18w, https:\/\/who-cared.com\/wp-content\/uploads\/2025\/08\/diy.jpg 1600w\" sizes=\"auto, (max-width: 1024px) 100vw, 1024px\" \/><\/a><\/div><div class=\"w-separator size_small\"><\/div><div class=\"wpb_text_column\"><div class=\"wpb_wrapper\"><h6>DIY<\/h6>\n<p>Du stellst dir dein eigenes Set-Up zusammen.<\/p>\n<\/div><\/div><div class=\"w-separator size_small\"><\/div><div class=\"w-btn-wrapper align_none\"><a class=\"w-btn us-btn-style_5\" href=\"\/en\/diy\/\"><span class=\"w-btn-label\">Do it yourself<\/span><\/a><\/div><\/div><\/div><div class=\"wpb_column vc_column_container us_custom_fe8181e3 has_text_color has_bg_color\"><div class=\"vc_column-inner\"><div class=\"w-image align_none\"><a href=\"\/en\/tool-box-rental\/\" aria-label=\"tool-kit-rental\" class=\"w-image-h\"><img decoding=\"async\" width=\"1024\" height=\"576\" src=\"https:\/\/who-cared.com\/wp-content\/uploads\/2025\/08\/tool-kit-rental-1024x576.jpg\" class=\"attachment-large size-large\" alt=\"\" loading=\"lazy\" srcset=\"https:\/\/who-cared.com\/wp-content\/uploads\/2025\/08\/tool-kit-rental-1024x576.jpg 1024w, https:\/\/who-cared.com\/wp-content\/uploads\/2025\/08\/tool-kit-rental-300x169.jpg 300w, https:\/\/who-cared.com\/wp-content\/uploads\/2025\/08\/tool-kit-rental-18x10.jpg 18w, https:\/\/who-cared.com\/wp-content\/uploads\/2025\/08\/tool-kit-rental.jpg 1600w\" sizes=\"auto, (max-width: 1024px) 100vw, 1024px\" \/><\/a><\/div><div class=\"w-separator size_small\"><\/div><div class=\"wpb_text_column\"><div class=\"wpb_wrapper\"><h6>Technik ausleihen<\/h6>\n<p>Du hast ein Handy \u2013 wir schicken dir<br \/>\nden Rest.<\/p>\n<\/div><\/div><div class=\"w-separator size_small\"><\/div><div class=\"w-btn-wrapper align_none\"><a class=\"w-btn us-btn-style_5\" href=\"\/en\/tool-box-rental\/\"><span class=\"w-btn-label\">Toolbox bestellen<\/span><\/a><\/div><\/div><\/div><div class=\"wpb_column vc_column_container us_custom_fe8181e3 has_text_color has_bg_color\"><div class=\"vc_column-inner\"><div class=\"w-image align_none\"><a href=\"\/en\/studio\/\" aria-label=\"studio_koeln\" class=\"w-image-h\"><img decoding=\"async\" width=\"1024\" height=\"576\" src=\"https:\/\/who-cared.com\/wp-content\/uploads\/2025\/08\/studio_koeln-1024x576.jpg\" class=\"attachment-large size-large\" alt=\"\" loading=\"lazy\" srcset=\"https:\/\/who-cared.com\/wp-content\/uploads\/2025\/08\/studio_koeln-1024x576.jpg 1024w, https:\/\/who-cared.com\/wp-content\/uploads\/2025\/08\/studio_koeln-300x169.jpg 300w, https:\/\/who-cared.com\/wp-content\/uploads\/2025\/08\/studio_koeln-18x10.jpg 18w, https:\/\/who-cared.com\/wp-content\/uploads\/2025\/08\/studio_koeln.jpg 1600w\" sizes=\"auto, (max-width: 1024px) 100vw, 1024px\" \/><\/a><\/div><div class=\"w-separator size_small\"><\/div><div class=\"wpb_text_column\"><div class=\"wpb_wrapper\"><h6>Studio in K\u00f6ln<\/h6>\n<p>Du f\u00fchrst das Gespr\u00e4ch \u2013 wir k\u00fcmmern uns um die Technik.<\/p>\n<\/div><\/div><div class=\"w-separator size_small\"><\/div><div class=\"w-btn-wrapper align_none\"><a class=\"w-btn us-btn-style_5\" href=\"\/en\/studio\/\"><span class=\"w-btn-label\">Buche einen Slot<\/span><\/a><\/div><\/div><\/div><\/div><\/div><\/section><section class=\"l-section wpb_row us_custom_1d3424a0 height_medium\"><div class=\"l-section-h i-cf\"><div class=\"g-cols vc_row via_grid cols_1 laptops-cols_inherit tablets-cols_inherit mobiles-cols_1 valign_middle type_default stacking_default\" style=\"--columns-gap:0rem;\"><div class=\"wpb_column vc_column_container\"><div class=\"vc_column-inner\"><div class=\"w-separator size_medium\"><\/div><div class=\"wpb_text_column\"><div class=\"wpb_wrapper\"><h3 style=\"text-align: center\">N\u00e4chste Schritte<\/h3>\n<\/div><\/div><\/div><\/div><\/div><\/div><\/section><section class=\"l-section wpb_row height_auto\"><div class=\"l-section-h i-cf\"><div class=\"g-cols vc_row via_grid cols_5 laptops-cols_inherit tablets-cols_inherit mobiles-cols_1 valign_top type_default stacking_default\" style=\"--columns-gap:2rem;\"><div class=\"wpb_column vc_column_container\"><div class=\"vc_column-inner\"><div class=\"w-iconbox iconpos_top style_default color_primary align_center\"><div class=\"w-iconbox-icon\" style=\"font-size:3rem;\"><i class=\"fas fa-calendar-alt\"><\/i><\/div><div class=\"w-iconbox-meta\"><h6 class=\"w-iconbox-title\">Termin finden<\/h6><div class=\"w-iconbox-text\"><p>Plant ausreichend <strong>Zeit<\/strong> f\u00fcr Set-Up und Gespr\u00e4ch ein \u2013 zwei Stunden reichen meist aus.<\/p>\n<\/div><\/div><\/div><div class=\"w-separator size_small\"><\/div><\/div><\/div><div class=\"wpb_column vc_column_container\"><div class=\"vc_column-inner\"><div class=\"w-iconbox iconpos_top style_default color_primary align_center\"><div class=\"w-iconbox-icon\" style=\"font-size:3rem;\"><i class=\"fas fa-pen\"><\/i><\/div><div class=\"w-iconbox-meta\"><h6 class=\"w-iconbox-title\">Fragen vorbereiten<\/h6><div class=\"w-iconbox-text\"><p>Was interessiert dich am meisten? Nimm unseren <a href=\"\/en\/question-guide\/\"><u>Question-Guide<\/u><\/a>\u00a0zur Inspiration.<\/p>\n<\/div><\/div><\/div><div class=\"w-separator size_small\"><\/div><\/div><\/div><div class=\"wpb_column vc_column_container\"><div class=\"vc_column-inner\"><div class=\"w-iconbox iconpos_top style_default color_primary align_center\"><div class=\"w-iconbox-icon\" style=\"font-size:3rem;\"><i class=\"fas fa-file-alt\"><\/i><\/div><div class=\"w-iconbox-meta\"><h6 class=\"w-iconbox-title\">Dokumente sichten<\/h6><div class=\"w-iconbox-text\"><p>Um eure Videos zu nutzen, brauchen wir eine <a href=\"\/download\/WHO-CARED_Consent-Forms_DE.pdf\" target=\"_blank\" rel=\"noopener\"><u>Einver<\/u><u>st\u00e4ndnis<\/u><u>erkl\u00e4<\/u><u>rung<\/u><\/a>.<\/p>\n<\/div><\/div><\/div><div class=\"w-separator size_small\"><\/div><\/div><\/div><div class=\"wpb_column vc_column_container\"><div class=\"vc_column-inner\"><div class=\"w-iconbox iconpos_top style_default color_primary align_center\"><div class=\"w-iconbox-icon\" style=\"font-size:3rem;\"><i class=\"fas fa-tasks\"><\/i><\/div><div class=\"w-iconbox-meta\"><h6 class=\"w-iconbox-title\">An alles gedacht?<\/h6><div class=\"w-iconbox-text\"><p>Gen\u00fcgend Speicherplatz und alle Dokumente ausgedruckt? Geh die <a href=\"#checklists\"><u>Checkliste<\/u><\/a> durch.<\/p>\n<\/div><\/div><\/div><div class=\"w-separator size_small\"><\/div><\/div><\/div><div class=\"wpb_column vc_column_container\"><div class=\"vc_column-inner\"><div class=\"w-iconbox iconpos_top style_default color_primary align_center\"><div class=\"w-iconbox-icon\" style=\"font-size:3rem;\"><i class=\"fas fa-smile\"><\/i><\/div><div class=\"w-iconbox-meta\"><h6 class=\"w-iconbox-title\">Habt Spa\u00df miteinander<\/h6><div class=\"w-iconbox-text\"><p>Lasst euch von eurer\u00a0 Neugierde leiten \u2013 und macht am Ende ein Selfie f\u00fcr uns \ud83d\ude42<\/p>\n<\/div><\/div><\/div><div class=\"w-separator size_small\"><\/div><\/div><\/div><\/div><\/div><\/section><section class=\"l-section wpb_row us_custom_1d3424a0 height_medium\"><div class=\"l-section-h i-cf\"><div class=\"g-cols vc_row via_grid cols_1 laptops-cols_inherit tablets-cols_inherit mobiles-cols_1 valign_middle type_default stacking_default\" style=\"--columns-gap:0rem;\"><div class=\"wpb_column vc_column_container\"><div class=\"vc_column-inner\"><\/div><\/div><\/div><\/div><\/section><section class=\"l-section wpb_row height_small\"><div class=\"l-section-h i-cf\"><div class=\"g-cols vc_row via_grid cols_2 laptops-cols_inherit tablets-cols_inherit mobiles-cols_1 valign_top type_default stacking_default\" style=\"--columns-gap:1rem;\"><div class=\"wpb_column vc_column_container us_custom_fe8181e3 has_text_color has_bg_color\"><div class=\"vc_column-inner\"><div class=\"wpb_text_column\"><div class=\"wpb_wrapper\"><h6>Question-Guide<\/h6>\n<p>Was interessiert dich am meisten? Nimm unseren Fragen-Guide zur Inspiration.<\/p>\n<\/div><\/div><div class=\"w-separator size_small\"><\/div><div class=\"w-btn-wrapper align_none\"><a class=\"w-btn us-btn-style_5\" href=\"\/en\/question-guide\/\"><span class=\"w-btn-label\">Online ansehen<\/span><\/a><\/div><div class=\"w-btn-wrapper align_none\"><a class=\"w-btn us-btn-style_5\" target=\"_blank\" href=\"\/download\/WHO-CARED_Question-Guide_DE.pdf\"><span class=\"w-btn-label\">Download PDF<\/span><\/a><\/div><\/div><\/div><div class=\"wpb_column vc_column_container us_custom_fe8181e3 has_text_color has_bg_color\" id=\"constent-form\"><div class=\"vc_column-inner\"><div class=\"wpb_text_column\"><div class=\"wpb_wrapper\"><h6>Wichtige Dokumente<\/h6>\n<p>Klarheit f\u00fcr alle Beteiligten: Diese Formulare stellen sicher, dass alle der Nutzung der Aufnahme zustimmen.<\/p>\n<\/div><\/div><div class=\"w-separator size_small\"><\/div><div class=\"w-btn-wrapper align_none\"><a class=\"w-btn us-btn-style_5\" target=\"_blank\" href=\"\/download\/WHO-CARED_Consent-Forms_DE.pdf\"><span class=\"w-btn-label\">Download PDF<\/span><\/a><\/div><\/div><\/div><\/div><\/div><\/section><section class=\"l-section wpb_row height_auto\"><div class=\"l-section-h i-cf\"><div class=\"g-cols vc_row via_grid cols_2 laptops-cols_inherit tablets-cols_inherit mobiles-cols_1 valign_top type_default stacking_default\" style=\"--columns-gap:1rem;\"><div class=\"wpb_column vc_column_container us_custom_fe8181e3 has_text_color has_bg_color\" id=\"checklists\"><div class=\"vc_column-inner\"><div class=\"wpb_text_column\"><div class=\"wpb_wrapper\"><h6>Checkliste<\/h6>\n<p>Ob vor oder nach dem Gespr\u00e4ch und w\u00e4hrenddessen: Mit unserer Checkliste hast du alles im Blick.<\/p>\n<\/div><\/div><div class=\"w-separator size_small\"><\/div><div class=\"w-btn-wrapper align_none\"><a class=\"w-btn us-btn-style_5\" target=\"_blank\" href=\"\/download\/WHO-CARED_Checklist-Home_DE.pdf\"><span class=\"w-btn-label\">Download PDF (f\u00fcr Zuhause)<\/span><\/a><\/div><div class=\"w-btn-wrapper align_none\"><a class=\"w-btn us-btn-style_5\" target=\"_blank\" href=\"\/download\/WHO-CARED_Checklist-Studio_DE.pdf\"><span class=\"w-btn-label\">Download PDF (f\u00fcrs Studio)<\/span><\/a><\/div><\/div><\/div><div class=\"wpb_column vc_column_container us_custom_fe8181e3 has_text_color has_bg_color\"><div class=\"vc_column-inner\"><div class=\"wpb_text_column\"><div class=\"wpb_wrapper\"><h6>Noch Fragen?<\/h6>\n<p>Hier haben wir die wichtigsten Informationen nochmal \u00fcbersichtlich zusammengefasst.<\/p>\n<\/div><\/div><div class=\"w-separator size_small\"><\/div><div class=\"w-btn-wrapper align_none\"><a class=\"w-btn us-btn-style_5\" href=\"\/en\/faq\/\"><span class=\"w-btn-label\">Unsere FAQs<\/span><\/a><\/div><\/div><\/div><\/div><\/div><\/section><section class=\"l-section wpb_row height_small\"><div class=\"l-section-h i-cf\"><div class=\"g-cols vc_row via_grid cols_2 laptops-cols_inherit tablets-cols_inherit mobiles-cols_1 valign_top type_default stacking_default\" style=\"--columns-gap:1rem;\"><div class=\"wpb_column vc_column_container us_custom_fe8181e3 has_text_color has_bg_color\"><div class=\"vc_column-inner\"><div class=\"wpb_text_column\"><div class=\"wpb_wrapper\"><h6>Schon fertig?<\/h6>\n<p>Du hast ein Interview gef\u00fchrt? Hier geht&#8217;s<br \/>\nzum Upload.<\/p>\n<\/div><\/div><div class=\"w-separator size_small\"><\/div><div class=\"w-btn-wrapper align_none\"><a class=\"w-btn us-btn-style_5\" href=\"https:\/\/who-cared.com\/en\/upload\/\"><span class=\"w-btn-label\">Interview hochladen<\/span><\/a><\/div><\/div><\/div><\/div><\/div><\/section><section class=\"l-section wpb_row height_medium\"><div class=\"l-section-h i-cf\"><div class=\"g-cols vc_row via_grid cols_1 laptops-cols_inherit tablets-cols_inherit mobiles-cols_1 valign_top type_default stacking_default\"><div class=\"wpb_column vc_column_container\"><div class=\"vc_column-inner\"><div class=\"w-btn-wrapper align_center\"><a class=\"w-btn us-btn-style_1\" href=\"\/en\/home\/\"><span class=\"w-btn-label\">Zur\u00fcck zur Startseite<\/span><\/a><\/div><div class=\"w-separator size_huge\"><\/div><\/div><\/div><\/div><\/div><\/section>","protected":false},"excerpt":{"rendered":"Mitmachen Sharing is Caring \u2013 umso mehr freuen wir uns, dass du hier bist und WHO CARED unterst\u00fctzen willst \ud83d\ude42 Auf diesen Seiten findest du alles, was du brauchst und wissen musst. Das Wichtigste zuerst: Habt Spa\u00df! Es gibt kein Perfekt. Jede Erz\u00e4hlung ist wertvoll, egal wie kurz oder ausf\u00fchrlich. Als n\u00e4chstes w\u00e4hle bitte deine...","protected":false},"author":2,"featured_media":0,"parent":0,"menu_order":0,"comment_status":"closed","ping_status":"closed","template":"","meta":{"_acf_changed":false,"footnotes":""},"class_list":["post-488","page","type-page","status-publish","hentry"],"acf":[],"_links":{"self":[{"href":"https:\/\/who-cared.com\/en\/wp-json\/wp\/v2\/pages\/488","targetHints":{"allow":["GET"]}}],"collection":[{"href":"https:\/\/who-cared.com\/en\/wp-json\/wp\/v2\/pages"}],"about":[{"href":"https:\/\/who-cared.com\/en\/wp-json\/wp\/v2\/types\/page"}],"author":[{"embeddable":true,"href":"https:\/\/who-cared.com\/en\/wp-json\/wp\/v2\/users\/2"}],"replies":[{"embeddable":true,"href":"https:\/\/who-cared.com\/en\/wp-json\/wp\/v2\/comments?post=488"}],"version-history":[{"count":99,"href":"https:\/\/who-cared.com\/en\/wp-json\/wp\/v2\/pages\/488\/revisions"}],"predecessor-version":[{"id":1017,"href":"https:\/\/who-cared.com\/en\/wp-json\/wp\/v2\/pages\/488\/revisions\/1017"}],"wp:attachment":[{"href":"https:\/\/who-cared.com\/en\/wp-json\/wp\/v2\/media?parent=488"}],"curies":[{"name":"wp","href":"https:\/\/api.w.org\/{rel}","templated":true}]}}