{"id":473,"date":"2025-08-05T12:56:12","date_gmt":"2025-08-05T12:56:12","guid":{"rendered":"https:\/\/who-cared.com\/?page_id=473"},"modified":"2025-08-14T12:20:46","modified_gmt":"2025-08-14T12:20:46","slug":"upload","status":"publish","type":"page","link":"https:\/\/who-cared.com\/en\/upload\/","title":{"rendered":"Upload"},"content":{"rendered":"<section class=\"l-section wpb_row us_custom_b53dc6b6 height_medium\"><div class=\"l-section-h i-cf\"><div class=\"g-cols vc_row via_grid cols_custom laptops-cols_inherit tablets-cols_inherit mobiles-cols_1 valign_middle type_default stacking_default\" style=\"--columns-gap:0rem;--custom-columns:1fr 4fr 1fr \"><div class=\"wpb_column vc_column_container\"><div class=\"vc_column-inner\"><\/div><\/div><div class=\"wpb_column vc_column_container\"><div class=\"vc_column-inner\"><div class=\"wpb_text_column\"><div class=\"wpb_wrapper\"><h2 style=\"text-align: center\">Upload<\/h2>\n<\/div><\/div><div class=\"w-separator size_medium\"><\/div><div class=\"wpb_text_column\"><div class=\"wpb_wrapper\"><p style=\"text-align: center\" data-start=\"778\" data-end=\"852\">Danke, dass du das Interview gef\u00fchrt und damit einen wertvollen Beitrag f\u00fcr das Projekt WHO CARED geleistet hast.<\/p>\n<p style=\"text-align: center\" data-start=\"778\" data-end=\"852\">Bitte <strong>lade zuerst die<\/strong> <strong>unterschriebenen Einverst\u00e4ndniserkl\u00e4rungen<\/strong> hoch \u2013 oder sende sie per E-Mail an <a class=\"cursor-pointer\" rel=\"noopener\" data-start=\"261\" data-end=\"282\">rights@who-cared.com<\/a>. Sobald wir sie gepr\u00fcft haben, bekommst du von uns den Link, um das Rohmaterial deines Interviews hochzuladen.<\/p>\n<\/div><\/div><div class=\"w-separator size_medium\"><\/div><div class=\"w-html us_custom_eb849559\"><iframe src='https:\/\/who-cared-consent-forms.portal.massive.io\/embed?email=&hidename=false&hidemessage=false' width=\"450\" height='800' scrolling=\"yes\" style='border: none'><\/iframe><\/div><\/div><\/div><div class=\"wpb_column vc_column_container\"><div class=\"vc_column-inner\"><\/div><\/div><\/div><\/div><\/section><section class=\"l-section wpb_row us_custom_4fb9e5a3 height_medium\"><div class=\"l-section-h i-cf\"><div class=\"g-cols vc_row via_grid cols_1 laptops-cols_inherit tablets-cols_inherit mobiles-cols_1 valign_top type_default stacking_default\"><div class=\"wpb_column vc_column_container\"><div class=\"vc_column-inner\"><div class=\"w-btn-wrapper align_center\"><a class=\"w-btn us-btn-style_1\" href=\"\/en\/contribute\/\"><span class=\"w-btn-label\">Zur\u00fcck zur \u00dcbersicht<\/span><\/a><\/div><div class=\"w-separator size_huge\"><\/div><\/div><\/div><\/div><\/div><\/section>","protected":false},"excerpt":{"rendered":"Upload Danke, dass du das Interview gef\u00fchrt und damit einen wertvollen Beitrag f\u00fcr das Projekt WHO CARED geleistet hast. Bitte lade zuerst die unterschriebenen Einverst\u00e4ndniserkl\u00e4rungen hoch \u2013 oder sende sie per E-Mail an rights@who-cared.com. Sobald wir sie gepr\u00fcft haben, bekommst du von uns den Link, um das Rohmaterial deines Interviews hochzuladen. Zur\u00fcck zur \u00dcbersicht","protected":false},"author":2,"featured_media":0,"parent":0,"menu_order":0,"comment_status":"closed","ping_status":"closed","template":"","meta":{"_acf_changed":false,"footnotes":""},"class_list":["post-473","page","type-page","status-publish","hentry"],"acf":[],"_links":{"self":[{"href":"https:\/\/who-cared.com\/en\/wp-json\/wp\/v2\/pages\/473","targetHints":{"allow":["GET"]}}],"collection":[{"href":"https:\/\/who-cared.com\/en\/wp-json\/wp\/v2\/pages"}],"about":[{"href":"https:\/\/who-cared.com\/en\/wp-json\/wp\/v2\/types\/page"}],"author":[{"embeddable":true,"href":"https:\/\/who-cared.com\/en\/wp-json\/wp\/v2\/users\/2"}],"replies":[{"embeddable":true,"href":"https:\/\/who-cared.com\/en\/wp-json\/wp\/v2\/comments?post=473"}],"version-history":[{"count":23,"href":"https:\/\/who-cared.com\/en\/wp-json\/wp\/v2\/pages\/473\/revisions"}],"predecessor-version":[{"id":800,"href":"https:\/\/who-cared.com\/en\/wp-json\/wp\/v2\/pages\/473\/revisions\/800"}],"wp:attachment":[{"href":"https:\/\/who-cared.com\/en\/wp-json\/wp\/v2\/media?parent=473"}],"curies":[{"name":"wp","href":"https:\/\/api.w.org\/{rel}","templated":true}]}}