{"id":187,"date":"2025-06-13T13:32:11","date_gmt":"2025-06-13T13:32:11","guid":{"rendered":"https:\/\/who-cared.com\/?page_id=187"},"modified":"2025-10-08T09:45:44","modified_gmt":"2025-10-08T09:45:44","slug":"privacy","status":"publish","type":"page","link":"https:\/\/who-cared.com\/en\/privacy\/","title":{"rendered":"Privacy"},"content":{"rendered":"<section class=\"l-section wpb_row us_custom_1d3424a0 height_medium\"><div class=\"l-section-h i-cf\"><div class=\"g-cols vc_row via_grid cols_custom laptops-cols_inherit tablets-cols_inherit mobiles-cols_1 valign_middle type_default stacking_default\" style=\"--columns-gap:0rem;--custom-columns:1fr 4fr 1fr \"><div class=\"wpb_column vc_column_container\"><div class=\"vc_column-inner\"><\/div><\/div><div class=\"wpb_column vc_column_container\"><div class=\"vc_column-inner\"><div class=\"wpb_text_column\"><div class=\"wpb_wrapper\"><h2><span data-sheets-root=\"1\">Data Privacy<\/span><\/h2>\n<p data-start=\"4036\" data-end=\"4061\"><em>Stand: September 2025<\/em><\/p>\n<p data-start=\"4063\" data-end=\"4257\"><span data-sheets-root=\"1\">Sch\u00f6n, dass du unsere Website who-cared.com besuchst. Der Schutz deiner pers\u00f6nlichen Daten liegt uns sehr am Herzen. Hier erf\u00e4hrst du, welche Informationen wir erheben, wie wir sie nutzen und wie du deine Rechte wahrnehmen kannst.<\/span><\/p>\n<\/div><\/div><div class=\"w-separator size_medium\"><\/div><div class=\"wpb_text_column\"><div class=\"wpb_wrapper\"><p><strong>1. Verantwortliche Stelle<\/strong><\/p>\n<p>WHO CARED ist ein Projekt von<br \/>\nMasala Movement e.V.<br \/>\nHansenstr. 41<br \/>\n50739 K\u00f6ln, Deutschland<br \/>\nEmail: hello@who-cared.com<\/p>\n<p>F\u00fcr rechtliche Fragen \u2013 insbesondere zum Thema Datenschutz oder Bildrechte \u2013 kannst du dich an folgende Adresse wenden: rights@who-cared.com<\/p>\n<\/div><\/div><div class=\"w-separator size_medium\"><\/div><div class=\"wpb_text_column\"><div class=\"wpb_wrapper\"><p><strong>2. Besuch der Website<\/strong><\/p>\n<p>F\u00fcr den Besuch unserer Website ist es nicht erforderlich, personenbezogene Daten (z.B. Name, Anschrift, E-Mail etc.) anzugeben. W\u00e4hrend des Aufrufs unserer Website \u00fcbermittelt Dein Browser dabei automatisch Informationen an den Server dieser Seite. Diese sog. Log Files werden dabei tempor\u00e4r bis zur automatisierten L\u00f6schung gespeichert:<\/p>\n<ul>\n<li>IP-Adresse<\/li>\n<li>Datum und Uhrzeit des Zugriffs<\/li>\n<li>besuchte Seiten<\/li>\n<li>Browsertyp und Betriebssystem<\/li>\n<li>Referrer-URL<\/li>\n<\/ul>\n<p>Die Speicherung in Logfiles erfolgt, um die Funktionsf\u00e4higkeit der Webseite sicherzustellen. Zudem dienen uns die Daten zur Optimierung der Webseite und zur Sicherstellung der Sicherheit unserer informationstechnischen Systeme. Eine Auswertung der Daten zu Marketingzwecken findet in diesem Zusammenhang nicht statt.<\/p>\n<p>In diesen Zwecken liegt auch unser berechtigtes Interesse an der Datenverarbeitung nach Art. 6 Abs. 1 lit. f DSGVO. In keinem Fall verwenden wir die erhobenen Daten dazu, um R\u00fcckschl\u00fcsse auf Deine Person zu ziehen.<\/p>\n<p>Dar\u00fcber hinaus setzen wir beim Besuch unserer Website Cookies und Analysedienste ein (siehe unten).<\/p>\n<\/div><\/div><div class=\"w-separator size_medium\"><\/div><div class=\"wpb_text_column\"><div class=\"wpb_wrapper\"><p><strong>3. Kontaktaufnahme<\/strong><\/p>\n<p>Bei einer Kontaktaufnahme per E-Mail oder Formular werden die \u00fcbermittelten Daten ausschlie\u00dflich zur Bearbeitung Deines Anliegens verwendet. Eine Weitergabe an Dritte erfolgt nicht ohne Deine ausdr\u00fcckliche Einwilligung. Die Datenverarbeitung erfolgt nach Art. 6 Abs. 1 lit. a DSGVO auf Grundlage Deiner freiwillig erteilten Einwilligung. Die f\u00fcr die Benutzung des Kontaktformulars von uns erhobenen personenbezogenen Daten werden nach Erledigung der von Dir gestellten Anfrage gel\u00f6scht.<\/p>\n<\/div><\/div><div class=\"w-separator size_medium\"><\/div><div class=\"wpb_text_column\"><div class=\"wpb_wrapper\"><p><strong>4. Newsletter via Brevo<\/strong><\/p>\n<p>F\u00fcr den Versand von Newslettern und E-Mail-Kampagnen wird der Dienst Brevo (ehemals Sendinblue) genutzt:<\/p>\n<p>Sendinblue GmbH<br \/>\nK\u00f6penicker Stra\u00dfe 126<br \/>\n10179 Berlin<\/p>\n<p>Die Datenverarbeitung erfolgt auf Grundlage der Einwilligung nach Art. 6 Abs. 1 lit. a DSGVO. Daten werden auf Servern innerhalb der EU gespeichert. Gem\u00e4\u00df Art. 28 DSGVO haben wir einen Vertrag zur Auftragsverarbeitung abgeschlossen. Daten werden ausschlie\u00dflich an Brevo weitergegeben. Eine Weitergabe an Dritte oder in Drittl\u00e4nder erfolgt nicht, es sei denn, gesetzliche Vorgaben verpflichten dazu.<\/p>\n<p>Im Zusammenhang mit Brevo werden folgende Daten verarbeitet:<\/p>\n<ul>\n<li>E-Mail-Adresse (f\u00fcr Versand und Personalisierung)<\/li>\n<li>Name<\/li>\n<li>IP-Adresse zum Zeitpunkt der Anmeldung<\/li>\n<li>Anmelde- und Best\u00e4tigungszeitpunkt (Double-Opt-In)<\/li>\n<li>Interaktionsdaten (z. B. \u00d6ffnungsraten, Klicks auf Links im Newsletter)<\/li>\n<li>ggf. weitere freiwillige Angaben.<\/li>\n<\/ul>\n<p>Die Anmeldung zum Newsletter erfolgt im Double-Opt-In-Verfahren: Nach Anmeldung erhalten Abonnenten eine E-Mail zur Best\u00e4tigung der Anmeldung. Erst nach dieser Best\u00e4tigung ist die Newsletter-Zusendung aktiv. Eine Abmeldung ist jederzeit \u00fcber den Link im Newsletter oder per E-Mail m\u00f6glich.<\/p>\n<p>Weitere Informationen:<br \/>\nhttps:\/\/www.brevo.com\/en\/legal\/privacypolicy\/<\/p>\n<\/div><\/div><div class=\"w-separator size_medium\"><\/div><div class=\"wpb_text_column\"><div class=\"wpb_wrapper\"><p><strong>5. Statistik \/ Analyse<\/strong><\/p>\n<p>(derzeit keine)<\/p>\n<\/div><\/div><div class=\"w-separator size_medium\"><\/div><div class=\"wpb_text_column\"><div class=\"wpb_wrapper\"><p><strong>6. Google Fonts (lokales Hosting)<\/strong><\/p>\n<p>Diese Seite nutzt zur einheitlichen Darstellung von Schriftarten so genannte Google Fonts, die von Google bereitgestellt werden. Die Google Fonts sind lokal installiert. Eine Verbindung zu Servern von Google findet dabei nicht statt.<\/p>\n<p>Weitere Informationen zu Google Fonts finden Sie unter https:\/\/developers.google.com\/fonts\/faq und in der Datenschutzerkl\u00e4rung von Google: https:\/\/policies.google.com\/privacy?hl=de.<\/p>\n<\/div><\/div><div class=\"w-separator size_medium\"><\/div><div class=\"wpb_text_column\"><div class=\"wpb_wrapper\"><p><strong>7. WordPress und Plugins, Domain und Webspaceprovider<\/strong><\/p>\n<p>Diese Website basiert auf WordPress. Plugins k\u00f6nnen personenbezogene Daten verarbeiten, z. B. IP-Adressen oder Cookies. Es werden ausschlie\u00dflich DSGVO-konforme Erweiterungen eingesetzt. Detaillierte Informationen zu einzelnen Plugins k\u00f6nnen auf Anfrage bereitgestellt werden.<\/p>\n<p>Unsere Website wird bei Hostinger International Ltd. gehostet.<\/p>\n<p>Beim Aufruf der Website werden durch Hostinger automatisch technische Daten wie IP-Adresse, Datum und Uhrzeit des Zugriffs, die aufgerufene Seite, \u00fcbertragene Datenmenge, Browsertyp und Betriebssystem in sogenannten Server-Logfiles erfasst und f\u00fcr einen begrenzten Zeitraum gespeichert.<\/p>\n<p>Diese Verarbeitung dient der Sicherstellung eines zuverl\u00e4ssigen und sicheren Betriebs der Website und erfolgt auf Grundlage von Art. 6 Abs. 1 lit. f DSGVO.<\/p>\n<p>Mit Hostinger wurde ein Vertrag zur Auftragsverarbeitung gem\u00e4\u00df Art. 28 DSGVO geschlossen.<\/p>\n<p>Eine \u00dcbermittlung in Drittl\u00e4nder kann erfolgen, geschieht jedoch nur unter Einhaltung der gesetzlichen Vorgaben, etwa durch Standardvertragsklauseln.<br \/>\nWeitere Informationen finden Sie in der Datenschutzerkl\u00e4rung von Hostinger unter: https:\/\/www.hostinger.com\/privacy-policy.<\/p>\n<\/div><\/div><div class=\"w-separator size_medium\"><\/div><div class=\"wpb_text_column\"><div class=\"wpb_wrapper\"><p><strong>8. Cookies<\/strong><\/p>\n<p>Unsere Websites verwenden sogenannte \u201eCookies\u201c. Cookies sind kleine Datenpakete und richten auf Deinem Endger\u00e4t keinen Schaden an. Sie werden entweder vor\u00fcbergehend f\u00fcr die Dauer einer Sitzung (Session-Cookies) oder dauerhaft (permanente Cookies) auf Deinem Endger\u00e4t gespeichert. Session-Cookies werden nach Ende Deines Besuchs automatisch gel\u00f6scht. Permanente Cookies bleiben auf Deinem Endger\u00e4t gespeichert, bis Du diese selbst l\u00f6schst oder eine automatische L\u00f6schung durch Deinen Webbrowser erfolgt.<\/p>\n<p>Cookies k\u00f6nnen von uns (First-Party-Cookies) oder von Drittunternehmen stammen (sog. Third-Party-Cookies). Third-Party-Cookies erm\u00f6glichen die Einbindung bestimmter Dienstleistungen von Drittunternehmen innerhalb von Websites (z. B. Cookies zur Abwicklung von Zahlungsdienstleistungen).<\/p>\n<p>Cookies haben verschiedene Funktionen. Zahlreiche Cookies sind technisch notwendig, da bestimmte Websitefunktionen ohne diese nicht funktionieren w\u00fcrden (z. B. die Anzeige von Videos). Andere Cookies k\u00f6nnen zur Auswertung des Nutzerverhaltens oder zu Werbezwecken aber nur mit ausdr\u00fccklicher Einwilligung verwendet werden.<\/p>\n<p>Cookies, die zur Durchf\u00fchrung des elektronischen Kommunikationsvorgangs, zur Bereitstellung bestimmter, von Dir erw\u00fcnschter Funktionen (z. B. f\u00fcr die Warenkorbfunktion) oder zur Optimierung der Website (z. B. Cookies zur Messung des Webpublikums) erforderlich sind (notwendige Cookies), werden auf Grundlage von Art. 6 Abs. 1 lit. f DSGVO gespeichert, sofern keine andere Rechtsgrundlage angegeben wird. Der Websitebetreiber hat ein berechtigtes Interesse an der Speicherung von notwendigen Cookies zur technisch fehlerfreien und optimierten Bereitstellung seiner Dienste. Sofern eine Einwilligung zur Speicherung von Cookies und vergleichbaren Wiedererkennungstechnologien abgefragt wurde, erfolgt die Verarbeitung ausschlie\u00dflich auf Grundlage dieser Einwilligung (Art. 6 Abs. 1 lit. a DSGVO und \u00a7 25 Abs. 1 TDDDG); die Einwilligung ist jederzeit widerrufbar.<\/p>\n<p>Du kannst Deinen Browser so einstellen, dass Du \u00fcber das Setzen von Cookies informiert wirst und Cookies nur im Einzelfall erlauben, die Annahme von Cookies f\u00fcr bestimmte F\u00e4lle oder generell ausschlie\u00dfen sowie das automatische L\u00f6schen der Cookies beim Schlie\u00dfen des Browsers aktivieren. Bei der Deaktivierung von Cookies kann die Funktionalit\u00e4t dieser Website eingeschr\u00e4nkt sein.<\/p>\n<p>Cookies und Dienste auf dieser Website k\u00f6nnen von Dir im Cookie-Banner konfiguriert werden: https:\/\/who-cared.com\/cookie-policy-eu&#8220;<\/p>\n<\/div><\/div><div class=\"w-separator size_medium\"><\/div><div class=\"wpb_text_column\"><div class=\"wpb_wrapper\"><p><strong>9. Einwilligung mit Complianz Cookie<\/strong><\/p>\n<p>Unsere Website nutzt die Consent-Technologie von Complianz Cookie, um Deine Einwilligung zur Speicherung bestimmter Cookies in Deinem Browser oder zum Einsatz bestimmter Technologien einzuholen und diese datenschutzkonform zu dokumentieren. Anbieter dieser Technologie ist die Complianz BV, Kalmarweg 14-5, 9723 JG, Groningen (NL) (im Folgenden Complianz).<\/p>\n<p>Wenn Du unsere Website betrittst, wird ein Complianz Cookie in Deinem Browser gespeichert, in dem die von Dir erteilten Einwilligungen oder der Widerruf dieser Einwilligungen gespeichert werden. Diese Daten werden nicht an den Anbieter von Complianz Cookie weitergegeben.<\/p>\n<p>Die erfassten Daten werden gespeichert, bis Du uns zur L\u00f6schung aufforderst bzw. das Complianz Cookie selbst l\u00f6schst oder der Zweck f\u00fcr die Datenspeicherung entf\u00e4llt. Zwingende gesetzliche Aufbewahrungsfristen bleiben unber\u00fchrt. Details zur Datenverarbeitung von Complianz Cookie findest Du unter https:\/\/complianz.io\/legal\/privacy-statement\/<\/p>\n<p>Der Einsatz der Complianz-Cookie-Consent-Technologie erfolgt, um die gesetzlich vorgeschriebenen Einwilligungen f\u00fcr den Einsatz von Cookies einzuholen. Rechtsgrundlage hierf\u00fcr ist Art. 6 Abs. 1 lit. c DSGVO.<\/p>\n<\/div><\/div><div class=\"w-separator size_medium\"><\/div><div class=\"wpb_text_column\"><div class=\"wpb_wrapper\"><p><strong>10. Datenschutzhinweis f\u00fcr die Nutzung von MASV<\/strong><\/p>\n<p>F\u00fcr den Transfer gro\u00dfer Dateien nutzen wir MASV (Massive.io), einen Dienst der MASV Inc., Kanada. MASV wird zur sicheren \u00dcbertragung und Verwaltung gro\u00dfer Datenmengen eingesetzt. Die Verarbeitung erfolgt zum Zweck des Dateitransfers, der Verfolgung von Versand- und Empfangsaktivit\u00e4ten sowie ggf. zur Projektorganisation (z. B. durch Tags und Protokolle).<\/p>\n<p>Es werden folgende Daten verarbeitet:<\/p>\n<ul>\n<li>E-Mail-Adressen der Absender und Empf\u00e4nger<\/li>\n<li>Metadaten \u00fcber durchgef\u00fchrte Datei\u00fcbertragungen (Upload, Download, Zeitstempel, Dateigr\u00f6\u00dfe, Nachrichten)<\/li>\n<li>Datei-Inhalte, die \u00fcbertragen werden<\/li>\n<li>IP-Adressen und Protokolldaten zur Sicherheit und Nachvollziehbarkeit.<\/li>\n<\/ul>\n<p>Die Verarbeitung erfolgt auf Grundlage von Art. 6 Abs. 1 lit. b DSGVO (Erf\u00fcllung eines Vertrags\/vertraglicher Ma\u00dfnahmen) und ggf. auf Basis berechtigter Interessen (Art. 6 Abs. 1 lit. f DSGVO) an einer sicheren, zuverl\u00e4ssigen Daten\u00fcbertragung.<\/p>\n<p>MASV agiert als Auftragsverarbeiter; mit MASV wurde ein Vertrag zur Auftragsverarbeitung (Data Processing Addendum, DPA) geschlossen. Die Datenverarbeitung erfolgt in der Regel in Kanada und ggf. weiteren L\u00e4ndern. MASV und deren Unterauftragsverarbeiter arbeiten DSGVO-konform, und es wurden geeignete Standardvertragsklauseln implementiert, die ein angemessenes Datenschutzniveau bei internationalem Datentransfer sicherstellen.<\/p>\n<p>Weitere Informationen finden sich in der MASV-Datenschutzrichtlinie unter https:\/\/massive.io\/de\/gdpr\/<\/p>\n<\/div><\/div><div class=\"w-separator size_medium\"><\/div><div class=\"wpb_text_column\"><div class=\"wpb_wrapper\"><p><strong>11. Datenschutzhinweise f\u00fcr die Nutzung von Oral-History.Digital<\/strong><\/p>\n<p>Oral-History.Digital unterst\u00fctzt die Erschlie\u00dfung und Recherche in wissenschaftlichen Sammlungen von audiovisuell aufgezeichneten narrativen Interviews.<\/p>\n<p>In diesem Rahmen werden personenbezogene Daten (z. B. Name, Kontaktdaten, gesprochene Inhalte, Bild- und Tondaten) zum Zweck der wissenschaftlichen Forschung und Dokumentation erhoben und verarbeitet.<\/p>\n<p>Die Verarbeitung erfolgt zur Auswertung und Archivierung der Interviews, einschlie\u00dflich der Nachbereitung und m\u00f6glichen Ver\u00f6ffentlichung im Rahmen wissenschaftlicher Publikationen oder Projekte. Die Verarbeitung der Daten erfolgt als gemeinsam Verantwortliche. Verantwortliche sind hier die Freie Universit\u00e4t Berlin https:\/\/www.oral-history.digital\/impressum\/datenschutzhinweise\/index.html und die Masala Movement e.V.<\/p>\n<p>Die Datenverarbeitung erfolgt auf Basis Deiner Einwilligung gem\u00e4\u00df Art. 6 Abs. 1 lit. a DSGVO oder auf Grundlage eines \u00f6ffentlichen Interesses an wissenschaftlicher Forschung nach Art. 89 DSGVO. Eine Weitergabe der Daten erfolgt ausschlie\u00dflich im Rahmen der gesetzlichen Bestimmungen und der Einwilligung. Dritte erhalten Zugriff nur, soweit dies f\u00fcr die wissenschaftliche Nutzung erforderlich und gestattet ist (z. B. Mitforschende, Publikationen, Archive). Ein Transfer in Drittl\u00e4nder findet nur statt, wenn ein angemessenes Datenschutzniveau sichergestellt ist.<\/p>\n<\/div><\/div><div class=\"w-separator size_medium\"><\/div><div class=\"wpb_text_column\"><div class=\"wpb_wrapper\"><p><strong>12. Datenverarbeitung durch soziale Netzwerke<\/strong><\/p>\n<p>Wir unterhalten \u00f6ffentlich zug\u00e4ngliche Profile in sozialen Netzwerken. Die im Einzelnen von uns genutzten sozialen Netzwerke findest Du weiter unten.<\/p>\n<p>Soziale Netzwerke wie Facebook, Instagram etc. k\u00f6nnen Dein Nutzerverhalten in der Regel umfassend analysieren, wenn Du deren Website oder eine Website mit integrierten Social-Media-Inhalten (z. B. Like-Buttons oder Werbebannern) besuchst. Durch den Besuch unserer Social-Media-Pr\u00e4senzen werden zahlreiche datenschutzrelevante Verarbeitungsvorg\u00e4nge ausgel\u00f6st. Im Einzelnen:<\/p>\n<p>Wenn Du in Deinem Social-Media-Account eingeloggt bist und unsere Social-Media-Pr\u00e4senz besuchst, kann der Betreiber des Social-Media-Portals diesen Besuch Deinem Benutzerkonto zuordnen. Deine personenbezogenen Daten k\u00f6nnen unter Umst\u00e4nden aber auch dann erfasst werden, wenn Du nicht eingeloggt bist oder keinen Account beim jeweiligen Social-Media-Portal besitzt. Diese Datenerfassung erfolgt in diesem Fall beispielsweise \u00fcber Cookies, die auf Deinem Endger\u00e4t gespeichert werden oder durch Erfassung Deiner IP-Adresse.<\/p>\n<p>Mit Hilfe der so erfassten Daten k\u00f6nnen die Betreiber der Social-Media-Portale Nutzerprofile erstellen, in denen Deine Pr\u00e4ferenzen und Interessen hinterlegt sind. Auf diese Weise kann Dir interessenbezogene Werbung in- und au\u00dferhalb der jeweiligen Social-Media-Pr\u00e4senz angezeigt werden. Sofern Du \u00fcber einen Account beim jeweiligen sozialen Netzwerk verf\u00fcgst, kann die interessenbezogene Werbung auf allen Ger\u00e4ten angezeigt werden, auf denen Du eingeloggt bist oder eingeloggt warst.<\/p>\n<p>Bitte beachte au\u00dferdem, dass wir nicht alle Verarbeitungsprozesse auf den Social-Media-Portalen nachvollziehen k\u00f6nnen. Je nach Anbieter k\u00f6nnen daher ggf. weitere Verarbeitungsvorg\u00e4nge von den Betreibern der Social-Media-Portale durchgef\u00fchrt werden. Details hierzu entnehme bitte den Nutzungsbedingungen und Datenschutzbestimmungen der jeweiligen Social-Media-Portale.<\/p>\n<p>Unsere Social-Media-Auftritte sollen eine m\u00f6glichst umfassende Pr\u00e4senz im Internet gew\u00e4hrleisten. Hierbei handelt es sich um ein berechtigtes Interesse im Sinne von Art. 6 Abs. 1 lit. f DSGVO. Die von den sozialen Netzwerken initiierten Analyseprozesse beruhen ggf. auf abweichenden Rechtsgrundlagen, die von den Betreibern der sozialen Netzwerke anzugeben sind (z. B. Einwilligung im Sinne des Art. 6 Abs. 1 lit. a DSGVO).<\/p>\n<p><strong>Instagram<\/strong><\/p>\n<p>F\u00fcr die Verarbeitung personenbezogener Daten beim Besuch dieses Profils besteht eine gemeinsame Verantwortlichkeit mit der Meta Platforms Ireland Ltd., 4 Grand Canal Square, Dublin 2, Ireland (Instagram). Die Datenrichtlinie von Instagram findest Du hier: https:\/\/privacycenter.instagram.com\/policy\/.<\/p>\n<p>Beim Besuch und bei der Interaktion auf unserem Instagram-Profil werden durch Instagram u.a. folgende Daten erfasst und verarbeitet:<\/p>\n<p>Name, Nutzername, Kontakt- und Inhaltsdaten, ggf. Standortdaten<br \/>\nAktivit\u00e4ten, die im Zusammenhang mit unserem Profil stehen (z.B. Liken, Kommentieren, Nachrichten)<br \/>\nNutzungs- und Kommunikationsdaten, z.B. durch Instagram-Insights (Statistik-Tools)<\/p>\n<p>Die Verarbeitung erfolgt auf Basis unseres berechtigten Interesses an einer informativen und unterst\u00fctzenden Au\u00dfendarstellung gem\u00e4\u00df Art. 6 Abs. 1 lit. f DSGVO, eventuell (bei Interaktionen, Gewinnspielen etc.) auch auf Grundlage von Einwilligungen gem\u00e4\u00df Art. 6 Abs. 1 lit. a DSGVO.<br \/>\nDaten k\u00f6nnen an die Meta-Unternehmensgruppe in die USA oder andere Drittl\u00e4nder \u00fcbertragen werden. Instagram verwendet hierf\u00fcr Standardvertragsklauseln gem\u00e4\u00df Art. 46 Abs. 2 DSGVO, um ein angemessenes Datenschutzniveau sicherzustellen.<\/p>\n<p><strong>Facebook<\/strong><\/p>\n<p>Wir verf\u00fcgen \u00fcber ein Profil bei Facebook. Anbieter dieses Dienstes ist die Meta Platforms Ireland Limited, 4 Grand Canal Square, Grand Canal Harbour, Dublin 2, Irland (nachfolgend Meta). Die erfassten Daten werden nach Aussage von Meta auch in die USA und in andere Drittl\u00e4nder \u00fcbertragen.<\/p>\n<p>Wir haben mit Meta eine Vereinbarung \u00fcber gemeinsame Verarbeitung (Controller Addendum) geschlossen. In dieser Vereinbarung wird festgelegt, f\u00fcr welche Datenverarbeitungsvorg\u00e4nge wir bzw. Meta verantwortlich ist, wenn Du unsere Facebook-Page besuchst. Diese Vereinbarung kannst Du unter folgendem Link einsehen: https:\/\/www.facebook.com\/legal\/terms\/page_controller_addendum.<\/p>\n<p>Du kannst Deine Werbeeinstellungen selbstst\u00e4ndig in Deinem Nutzer-Account anpassen. Klicke hierzu auf folgenden Link und logge Dich ein: https:\/\/www.facebook.com\/settings?tab=ads.<\/p>\n<p>Die Daten\u00fcbertragung in die USA wird auf die Standardvertragsklauseln der EU-Kommission gest\u00fctzt. Details findest Du hier: https:\/\/www.facebook.com\/legal\/EU_data_transfer_addendum und https:\/\/de-de.facebook.com\/help\/566994660333381.<\/p>\n<p>Details entnehme bitte der Datenschutzerkl\u00e4rung von Facebook: https:\/\/www.facebook.com\/about\/privacy\/.<\/p>\n<p>Das Unternehmen verf\u00fcgt \u00fcber eine Zertifizierung nach dem \u201eEU-US Data Privacy Framework\u201c (DPF). Der DPF ist ein \u00dcbereinkommen zwischen der Europ\u00e4ischen Union und den USA, der die Einhaltung europ\u00e4ischer Datenschutzstandards bei Datenverarbeitungen in den USA gew\u00e4hrleisten soll. Jedes nach dem DPF zertifizierte Unternehmen verpflichtet sich, diese Datenschutzstandards einzuhalten. Weitere Informationen hierzu erh\u00e4ltst Du vom Anbieter unter folgendem Link: https:\/\/www.dataprivacyframework.gov\/s\/participant-search\/participant-detail?contact=true&amp;id=a2zt0000000GnywAAC&amp;status=Active<\/p>\n<p><strong>YouTube<\/strong><\/p>\n<p>Wir verf\u00fcgen \u00fcber ein Profil bei YouTube. Anbieter ist die Google Ireland Limited, Gordon House, Barrow Street, Dublin 4, Irland. Details zu deren Umgang mit Deinen personenbezogenen Daten entnehme bitte der Datenschutzerkl\u00e4rung von YouTube: https:\/\/policies.google.com\/privacy?hl=de.<\/p>\n<p>Das Unternehmen verf\u00fcgt \u00fcber eine Zertifizierung nach dem \u201eEU-US Data Privacy Framework\u201c (DPF). Der DPF ist ein \u00dcbereinkommen zwischen der Europ\u00e4ischen Union und den USA, der die Einhaltung europ\u00e4ischer Datenschutzstandards bei Datenverarbeitungen in den USA gew\u00e4hrleisten soll. Jedes nach dem DPF zertifizierte Unternehmen verpflichtet sich, diese Datenschutzstandards einzuhalten. Weitere Informationen hierzu erh\u00e4ltst Du vom Anbieter unter folgendem Link: https:\/\/www.dataprivacyframework.gov\/s\/participant-search\/participant-detail?contact=true&amp;id=a2zt000000001L5AAI&amp;status=Active<\/p>\n<\/div><\/div><div class=\"w-separator size_medium\"><\/div><div class=\"wpb_text_column\"><div class=\"wpb_wrapper\"><p><strong>13. Spendenportal Betterplace<\/strong><\/p>\n<p>Um Spenden zu sammeln, nutzen wir ein Angebot von betterplace.org. Einzelheiten zu den im Zusammenhang mit den Diensten erfolgenden Datenverarbeitungen kannst Du in der Datenschutzerkl\u00e4rung von betterplace.org nachlesen: https:\/\/www.betterplace.org\/c\/regeln\/datenschutz<\/p>\n<\/div><\/div><div class=\"w-separator size_medium\"><\/div><div class=\"wpb_text_column\"><div class=\"wpb_wrapper\"><p><strong>14. Deine Datenschutzrechte<\/strong><\/p>\n<p>Unter bestimmten Voraussetzungen kannst Du uns gegen\u00fcber Deine Datenschutzrechte geltend machen.<\/p>\n<p>So hast Du das Recht, von uns Auskunft \u00fcber Deine bei uns gespeicherten Daten nach den Regeln von Art. 15 DSGVO (ggf. mit Einschr\u00e4nkungen nach \u00a7 34 BDSG) zu erhalten.<\/p>\n<p>Auf Deinen Antrag hin werden wir die \u00fcber Dich gespeicherten Daten nach Art. 16 DSGVO berichtigen, wenn diese unzutreffend oder fehlerhaft sind.<\/p>\n<p>Wenn Du es w\u00fcnschst, werden wir Deine Daten nach den Grunds\u00e4tzen von Art. 17 DSGVO l\u00f6schen, sofern andere gesetzliche Regelungen (z.B. gesetzliche Aufbewahrungspflichten oder die Einschr\u00e4nkungen nach \u00a7 35 BDSG) oder ein \u00fcberwiegendes Interesse unsererseits (z. B. zur Verteidigung unserer Rechte und Anspr\u00fcche) dem nicht entgegenstehen.<\/p>\n<p>Unter Ber\u00fccksichtigung der Voraussetzungen des Art. 18 DSGVO kannst Du von uns verlangen, die Verarbeitung Deiner Daten einzuschr\u00e4nken.<\/p>\n<p>Ferner kannst Du gegen die Verarbeitung Deiner Daten Widerspruch nach Art. 21 DSGVO einlegen, aufgrund dessen wir die Verarbeitung Deiner Daten beenden m\u00fcssen. Dieses Widerspruchsrecht gilt allerdings nur bei Vorliegen ganz besonderer Umst\u00e4nde Deiner pers\u00f6nlichen Situation, wobei Rechte unseres Vereins Deinem Widerspruchsrecht ggf. entgegenstehen k\u00f6nnen.<\/p>\n<p>Auch hast Du das Recht, Deine Daten unter den Voraussetzungen von Art. 20 DSGVO in einem strukturierten, g\u00e4ngigen und maschinenlesbaren Format zu erhalten oder sie einem Dritten zu \u00fcbermitteln.<\/p>\n<p>Dar\u00fcber hinaus hast Du das Recht, eine erteilte Einwilligung in die Verarbeitung personenbezogener Daten jederzeit uns gegen\u00fcber mit Wirkung f\u00fcr die Zukunft zu widerrufen (vgl. Ziffer 2.3).<\/p>\n<p>Ferner steht Dir ein Beschwerderecht bei einer Datenschutzaufsichtsbeh\u00f6rde zu (Art. 77 DSGVO). Wir empfehlen allerdings, eine Beschwerde zun\u00e4chst immer an unseren Datenschutzansprechpartner zu richten.<\/p>\n<p>Deine Antr\u00e4ge \u00fcber die Aus\u00fcbung Deiner Rechte sollten nach M\u00f6glichkeit schriftlich an die oben angegebene Anschrift oder direkt an unseren Datenschutzansprechpartner adressiert werden.<\/p>\n<p>Anfragen dazu k\u00f6nnen per E-Mail gestellt werden: rights@who-cared.com<\/p>\n<\/div><\/div><\/div><\/div><div class=\"wpb_column vc_column_container\"><div class=\"vc_column-inner\"><\/div><\/div><\/div><\/div><\/section><section class=\"l-section wpb_row height_medium\"><div class=\"l-section-h i-cf\"><div class=\"g-cols vc_row via_grid cols_1 laptops-cols_inherit tablets-cols_inherit mobiles-cols_1 valign_top type_default stacking_default\"><div class=\"wpb_column vc_column_container\"><div class=\"vc_column-inner\"><div class=\"w-separator size_huge\"><\/div><\/div><\/div><\/div><\/div><\/section>","protected":false},"excerpt":{"rendered":"Datenschutz Stand: September 2025 Sch\u00f6n, dass du unsere Website who-cared.com besuchst. Der Schutz deiner pers\u00f6nlichen Daten liegt uns sehr am Herzen. Hier erf\u00e4hrst du, welche Informationen wir erheben, wie wir sie nutzen und wie du deine Rechte wahrnehmen kannst. 1. Verantwortliche Stelle WHO CARED ist ein Projekt von Masala Movement e.V. Hansenstr. 41 50739 K\u00f6ln,...","protected":false},"author":2,"featured_media":0,"parent":0,"menu_order":0,"comment_status":"closed","ping_status":"closed","template":"","meta":{"_acf_changed":false,"footnotes":""},"class_list":["post-187","page","type-page","status-publish","hentry"],"acf":[],"_links":{"self":[{"href":"https:\/\/who-cared.com\/en\/wp-json\/wp\/v2\/pages\/187","targetHints":{"allow":["GET"]}}],"collection":[{"href":"https:\/\/who-cared.com\/en\/wp-json\/wp\/v2\/pages"}],"about":[{"href":"https:\/\/who-cared.com\/en\/wp-json\/wp\/v2\/types\/page"}],"author":[{"embeddable":true,"href":"https:\/\/who-cared.com\/en\/wp-json\/wp\/v2\/users\/2"}],"replies":[{"embeddable":true,"href":"https:\/\/who-cared.com\/en\/wp-json\/wp\/v2\/comments?post=187"}],"version-history":[{"count":38,"href":"https:\/\/who-cared.com\/en\/wp-json\/wp\/v2\/pages\/187\/revisions"}],"predecessor-version":[{"id":1024,"href":"https:\/\/who-cared.com\/en\/wp-json\/wp\/v2\/pages\/187\/revisions\/1024"}],"wp:attachment":[{"href":"https:\/\/who-cared.com\/en\/wp-json\/wp\/v2\/media?parent=187"}],"curies":[{"name":"wp","href":"https:\/\/api.w.org\/{rel}","templated":true}]}}